{"id":6400,"date":"2023-07-04T10:49:19","date_gmt":"2023-07-04T08:49:19","guid":{"rendered":"https:\/\/fermalli.com\/servicios\/vallas-publicitarias\/"},"modified":"2023-07-07T14:12:02","modified_gmt":"2023-07-07T12:12:02","slug":"vallas-publicitarias","status":"publish","type":"page","link":"https:\/\/fermalli.com\/es\/servicios\/vallas-publicitarias\/","title":{"rendered":"Vallas publicitarias"},"content":{"rendered":"\t\t<div data-elementor-type=\"wp-page\" data-elementor-id=\"6400\" class=\"elementor elementor-6400 elementor-5773\">\n\t\t\t\t\t\t<section class=\"elementor-section elementor-top-section elementor-element elementor-element-7be32a3 elementor-reverse-tablet elementor-reverse-mobile elementor-section-boxed elementor-section-height-default elementor-section-height-default\" data-id=\"7be32a3\" data-element_type=\"section\">\n\t\t\t\t\t\t<div class=\"elementor-container elementor-column-gap-extended\">\n\t\t\t\t\t<div class=\"elementor-column elementor-col-33 elementor-top-column elementor-element elementor-element-f85fd1e\" data-id=\"f85fd1e\" data-element_type=\"column\">\n\t\t\t<div class=\"elementor-widget-wrap elementor-element-populated\">\n\t\t\t\t\t\t<div class=\"elementor-element elementor-element-a1abae4 elementor-widget elementor-widget-vlt-simple-image\" data-id=\"a1abae4\" data-element_type=\"widget\" data-settings=\"{&quot;aos_animation_name&quot;:&quot;none&quot;}\" data-widget_type=\"vlt-simple-image.default\">\n\t\t\t\t<div class=\"elementor-widget-container\">\n\t\t\t\n\t\t<div class=\"vlt-simple-image\">\n\n\t\t\t\n\t\t\t\t<a class=\"vlt-simple-image__link\" href=\"https:\/\/fermalli.com\/wp-content\/uploads\/2023\/07\/tanca2.jpg\" data-fancybox=\"mug\" data-caption=\"\"><i class=\"ri-add-fill\"><\/i><\/a>\n\n\t\t\t\n\t\t\t\n\t\t\t\t<div class=\"vlt-simple-image__mask\" data-aos=\"image-mask-animation\" data-aos-delay=\"\"><div class=\"inside\"><\/div><\/div>\n\n\t\t\t\n\t\t\t\n\t\t\t\t<img loading=\"lazy\" width=\"570\" height=\"530\" src=\"https:\/\/fermalli.com\/wp-content\/uploads\/2023\/07\/tanca2.jpg\" class=\"attachment-sixten-800x600 size-sixten-800x600\" alt=\"\" decoding=\"async\" loading=\"lazy\" srcset=\"https:\/\/fermalli.com\/wp-content\/uploads\/2023\/07\/tanca2.jpg 570w, https:\/\/fermalli.com\/wp-content\/uploads\/2023\/07\/tanca2-300x279.jpg 300w, https:\/\/fermalli.com\/wp-content\/uploads\/2023\/07\/tanca2-500x465.jpg 500w\" sizes=\"(max-width: 570px) 100vw, 570px\" \/>\n\t\t\t\n\t\t<\/div>\n\n\t\t\t\t<\/div>\n\t\t\t\t<\/div>\n\t\t\t\t<div class=\"elementor-element elementor-element-4f5fc22 elementor-widget elementor-widget-spacer\" data-id=\"4f5fc22\" data-element_type=\"widget\" data-settings=\"{&quot;aos_animation_name&quot;:&quot;none&quot;}\" data-widget_type=\"spacer.default\">\n\t\t\t\t<div class=\"elementor-widget-container\">\n\t\t\t\t\t<div class=\"elementor-spacer\">\n\t\t\t<div class=\"elementor-spacer-inner\"><\/div>\n\t\t<\/div>\n\t\t\t\t<\/div>\n\t\t\t\t<\/div>\n\t\t\t\t<div class=\"elementor-element elementor-element-cbc7664 elementor-widget elementor-widget-vlt-simple-image\" data-id=\"cbc7664\" data-element_type=\"widget\" data-settings=\"{&quot;aos_animation_name&quot;:&quot;none&quot;}\" data-widget_type=\"vlt-simple-image.default\">\n\t\t\t\t<div class=\"elementor-widget-container\">\n\t\t\t\n\t\t<div class=\"vlt-simple-image\">\n\n\t\t\t\n\t\t\t\t<a class=\"vlt-simple-image__link\" href=\"https:\/\/fermalli.com\/wp-content\/uploads\/2023\/07\/tanca.jpg\" data-fancybox=\"mug\" data-caption=\"\"><i class=\"ri-add-fill\"><\/i><\/a>\n\n\t\t\t\n\t\t\t\n\t\t\t\t<div class=\"vlt-simple-image__mask\" data-aos=\"image-mask-animation\" data-aos-delay=\"\"><div class=\"inside\"><\/div><\/div>\n\n\t\t\t\n\t\t\t\n\t\t\t\t<img loading=\"lazy\" width=\"570\" height=\"530\" src=\"https:\/\/fermalli.com\/wp-content\/uploads\/2023\/07\/tanca.jpg\" class=\"attachment-sixten-800x600 size-sixten-800x600\" alt=\"\" decoding=\"async\" loading=\"lazy\" srcset=\"https:\/\/fermalli.com\/wp-content\/uploads\/2023\/07\/tanca.jpg 570w, https:\/\/fermalli.com\/wp-content\/uploads\/2023\/07\/tanca-300x279.jpg 300w, https:\/\/fermalli.com\/wp-content\/uploads\/2023\/07\/tanca-500x465.jpg 500w\" sizes=\"(max-width: 570px) 100vw, 570px\" \/>\n\t\t\t\n\t\t<\/div>\n\n\t\t\t\t<\/div>\n\t\t\t\t<\/div>\n\t\t\t\t<div class=\"elementor-element elementor-element-d74260a elementor-widget elementor-widget-spacer\" data-id=\"d74260a\" data-element_type=\"widget\" data-settings=\"{&quot;aos_animation_name&quot;:&quot;none&quot;}\" data-widget_type=\"spacer.default\">\n\t\t\t\t<div class=\"elementor-widget-container\">\n\t\t\t\t\t<div class=\"elementor-spacer\">\n\t\t\t<div class=\"elementor-spacer-inner\"><\/div>\n\t\t<\/div>\n\t\t\t\t<\/div>\n\t\t\t\t<\/div>\n\t\t\t\t<div class=\"elementor-element elementor-element-f13859d elementor-widget elementor-widget-vlt-simple-image\" data-id=\"f13859d\" data-element_type=\"widget\" data-settings=\"{&quot;aos_animation_name&quot;:&quot;none&quot;}\" data-widget_type=\"vlt-simple-image.default\">\n\t\t\t\t<div class=\"elementor-widget-container\">\n\t\t\t\n\t\t<div class=\"vlt-simple-image\">\n\n\t\t\t\n\t\t\t\t<a class=\"vlt-simple-image__link\" href=\"https:\/\/fermalli.com\/wp-content\/uploads\/2023\/07\/tanca1.jpg\" data-fancybox=\"mug\" data-caption=\"\"><i class=\"ri-add-fill\"><\/i><\/a>\n\n\t\t\t\n\t\t\t\n\t\t\t\t<div class=\"vlt-simple-image__mask\" data-aos=\"image-mask-animation\" data-aos-delay=\"\"><div class=\"inside\"><\/div><\/div>\n\n\t\t\t\n\t\t\t\n\t\t\t\t<img loading=\"lazy\" width=\"570\" height=\"530\" src=\"https:\/\/fermalli.com\/wp-content\/uploads\/2023\/07\/tanca1.jpg\" class=\"attachment-sixten-800x600 size-sixten-800x600\" alt=\"\" decoding=\"async\" loading=\"lazy\" srcset=\"https:\/\/fermalli.com\/wp-content\/uploads\/2023\/07\/tanca1.jpg 570w, https:\/\/fermalli.com\/wp-content\/uploads\/2023\/07\/tanca1-300x279.jpg 300w, https:\/\/fermalli.com\/wp-content\/uploads\/2023\/07\/tanca1-500x465.jpg 500w\" sizes=\"(max-width: 570px) 100vw, 570px\" \/>\n\t\t\t\n\t\t<\/div>\n\n\t\t\t\t<\/div>\n\t\t\t\t<\/div>\n\t\t\t\t<div class=\"elementor-element elementor-element-50a1b16 elementor-widget elementor-widget-spacer\" data-id=\"50a1b16\" data-element_type=\"widget\" data-settings=\"{&quot;aos_animation_name&quot;:&quot;none&quot;}\" data-widget_type=\"spacer.default\">\n\t\t\t\t<div class=\"elementor-widget-container\">\n\t\t\t\t\t<div class=\"elementor-spacer\">\n\t\t\t<div class=\"elementor-spacer-inner\"><\/div>\n\t\t<\/div>\n\t\t\t\t<\/div>\n\t\t\t\t<\/div>\n\t\t\t\t<div class=\"elementor-element elementor-element-4327f8e elementor-widget elementor-widget-vlt-simple-image\" data-id=\"4327f8e\" data-element_type=\"widget\" data-settings=\"{&quot;aos_animation_name&quot;:&quot;none&quot;}\" data-widget_type=\"vlt-simple-image.default\">\n\t\t\t\t<div class=\"elementor-widget-container\">\n\t\t\t\n\t\t<div class=\"vlt-simple-image\">\n\n\t\t\t\n\t\t\t\t<a class=\"vlt-simple-image__link\" href=\"https:\/\/fermalli.com\/wp-content\/uploads\/2023\/07\/tanca3.jpg\" data-fancybox=\"mug\" data-caption=\"\"><i class=\"ri-add-fill\"><\/i><\/a>\n\n\t\t\t\n\t\t\t\n\t\t\t\t<div class=\"vlt-simple-image__mask\" data-aos=\"image-mask-animation\" data-aos-delay=\"\"><div class=\"inside\"><\/div><\/div>\n\n\t\t\t\n\t\t\t\n\t\t\t\t<img loading=\"lazy\" width=\"570\" height=\"530\" src=\"https:\/\/fermalli.com\/wp-content\/uploads\/2023\/07\/tanca3.jpg\" class=\"attachment-sixten-800x600 size-sixten-800x600\" alt=\"\" decoding=\"async\" loading=\"lazy\" srcset=\"https:\/\/fermalli.com\/wp-content\/uploads\/2023\/07\/tanca3.jpg 570w, https:\/\/fermalli.com\/wp-content\/uploads\/2023\/07\/tanca3-300x279.jpg 300w, https:\/\/fermalli.com\/wp-content\/uploads\/2023\/07\/tanca3-500x465.jpg 500w\" sizes=\"(max-width: 570px) 100vw, 570px\" \/>\n\t\t\t\n\t\t<\/div>\n\n\t\t\t\t<\/div>\n\t\t\t\t<\/div>\n\t\t\t\t<div class=\"elementor-element elementor-element-1e58f85 elementor-widget elementor-widget-spacer\" data-id=\"1e58f85\" data-element_type=\"widget\" data-settings=\"{&quot;aos_animation_name&quot;:&quot;none&quot;}\" data-widget_type=\"spacer.default\">\n\t\t\t\t<div class=\"elementor-widget-container\">\n\t\t\t\t\t<div class=\"elementor-spacer\">\n\t\t\t<div class=\"elementor-spacer-inner\"><\/div>\n\t\t<\/div>\n\t\t\t\t<\/div>\n\t\t\t\t<\/div>\n\t\t\t\t<div class=\"elementor-element elementor-element-2ebf86e elementor-widget elementor-widget-vlt-simple-image\" data-id=\"2ebf86e\" data-element_type=\"widget\" data-settings=\"{&quot;aos_animation_name&quot;:&quot;none&quot;}\" data-widget_type=\"vlt-simple-image.default\">\n\t\t\t\t<div class=\"elementor-widget-container\">\n\t\t\t\n\t\t<div class=\"vlt-simple-image\">\n\n\t\t\t\n\t\t\t\t<a class=\"vlt-simple-image__link\" href=\"https:\/\/fermalli.com\/wp-content\/uploads\/2023\/07\/tanca4.jpg\" data-fancybox=\"mug\" data-caption=\"\"><i class=\"ri-add-fill\"><\/i><\/a>\n\n\t\t\t\n\t\t\t\n\t\t\t\t<div class=\"vlt-simple-image__mask\" data-aos=\"image-mask-animation\" data-aos-delay=\"\"><div class=\"inside\"><\/div><\/div>\n\n\t\t\t\n\t\t\t\n\t\t\t\t<img loading=\"lazy\" width=\"570\" height=\"529\" src=\"https:\/\/fermalli.com\/wp-content\/uploads\/2023\/07\/tanca4.jpg\" class=\"attachment-sixten-800x600 size-sixten-800x600\" alt=\"\" decoding=\"async\" loading=\"lazy\" srcset=\"https:\/\/fermalli.com\/wp-content\/uploads\/2023\/07\/tanca4.jpg 570w, https:\/\/fermalli.com\/wp-content\/uploads\/2023\/07\/tanca4-300x278.jpg 300w, https:\/\/fermalli.com\/wp-content\/uploads\/2023\/07\/tanca4-500x464.jpg 500w\" sizes=\"(max-width: 570px) 100vw, 570px\" \/>\n\t\t\t\n\t\t<\/div>\n\n\t\t\t\t<\/div>\n\t\t\t\t<\/div>\n\t\t\t\t<div class=\"elementor-element elementor-element-0fb5eb0 elementor-widget elementor-widget-spacer\" data-id=\"0fb5eb0\" data-element_type=\"widget\" data-settings=\"{&quot;aos_animation_name&quot;:&quot;none&quot;}\" data-widget_type=\"spacer.default\">\n\t\t\t\t<div class=\"elementor-widget-container\">\n\t\t\t\t\t<div class=\"elementor-spacer\">\n\t\t\t<div class=\"elementor-spacer-inner\"><\/div>\n\t\t<\/div>\n\t\t\t\t<\/div>\n\t\t\t\t<\/div>\n\t\t\t\t<div class=\"elementor-element elementor-element-062baa6 elementor-widget elementor-widget-vlt-simple-image\" data-id=\"062baa6\" data-element_type=\"widget\" data-settings=\"{&quot;aos_animation_name&quot;:&quot;none&quot;}\" data-widget_type=\"vlt-simple-image.default\">\n\t\t\t\t<div class=\"elementor-widget-container\">\n\t\t\t\n\t\t<div class=\"vlt-simple-image\">\n\n\t\t\t\n\t\t\t\t<a class=\"vlt-simple-image__link\" href=\"https:\/\/fermalli.com\/wp-content\/uploads\/2023\/07\/tanca-6.jpg\" data-fancybox=\"mug\" data-caption=\"\"><i class=\"ri-add-fill\"><\/i><\/a>\n\n\t\t\t\n\t\t\t\n\t\t\t\t<div class=\"vlt-simple-image__mask\" data-aos=\"image-mask-animation\" data-aos-delay=\"\"><div class=\"inside\"><\/div><\/div>\n\n\t\t\t\n\t\t\t\n\t\t\t\t<img loading=\"lazy\" width=\"570\" height=\"530\" src=\"https:\/\/fermalli.com\/wp-content\/uploads\/2023\/07\/tanca-6.jpg\" class=\"attachment-sixten-800x600 size-sixten-800x600\" alt=\"\" decoding=\"async\" loading=\"lazy\" srcset=\"https:\/\/fermalli.com\/wp-content\/uploads\/2023\/07\/tanca-6.jpg 570w, https:\/\/fermalli.com\/wp-content\/uploads\/2023\/07\/tanca-6-300x279.jpg 300w, https:\/\/fermalli.com\/wp-content\/uploads\/2023\/07\/tanca-6-500x465.jpg 500w\" sizes=\"(max-width: 570px) 100vw, 570px\" \/>\n\t\t\t\n\t\t<\/div>\n\n\t\t\t\t<\/div>\n\t\t\t\t<\/div>\n\t\t\t\t\t<\/div>\n\t\t<\/div>\n\t\t\t\t<div class=\"elementor-column elementor-col-33 elementor-top-column elementor-element elementor-element-c86ae9d\" data-id=\"c86ae9d\" data-element_type=\"column\">\n\t\t\t<div class=\"elementor-widget-wrap\">\n\t\t\t\t\t\t\t<\/div>\n\t\t<\/div>\n\t\t\t\t<div class=\"elementor-column elementor-col-33 elementor-top-column elementor-element elementor-element-1845044 has-sticky-column\" data-id=\"1845044\" data-element_type=\"column\">\n\t\t\t<div class=\"elementor-widget-wrap elementor-element-populated\">\n\t\t\t\t\t\t<div data-aos=\"custom\" data-aos-once=\"true\" class=\"elementor-element elementor-element-178f2d8 elementor-widget elementor-widget-vlt-section-title\" data-id=\"178f2d8\" data-element_type=\"widget\" data-settings=\"{&quot;aos_animation_name&quot;:&quot;custom&quot;}\" data-widget_type=\"vlt-section-title.default\">\n\t\t\t\t<div class=\"elementor-widget-container\">\n\t\t\t\n\t\t<div class=\"vlt-section-title\">\n\n\t\t\t\t\t\t\t<span class=\"vlt-section-title__subtitle\">Servicios<\/span>\n\t\t\t\n\t\t\t\n\t\t\t\t<h3 class=\"vlt-section-title__heading\">\n\n\t\t\t\t\t\n\t\t\t\t\tVallas publicitarias\n\t\t\t\t\t\n\t\t\t\t<\/h3>\n\n\t\t\t\n\t\t\t\n\t\t<\/div>\n\n\t\t\t<\/div>\n\t\t\t\t<\/div>\n\t\t\t\t<div class=\"elementor-element elementor-element-1dfa802 elementor-widget elementor-widget-spacer\" data-id=\"1dfa802\" data-element_type=\"widget\" data-settings=\"{&quot;aos_animation_name&quot;:&quot;none&quot;}\" data-widget_type=\"spacer.default\">\n\t\t\t\t<div class=\"elementor-widget-container\">\n\t\t\t\t\t<div class=\"elementor-spacer\">\n\t\t\t<div class=\"elementor-spacer-inner\"><\/div>\n\t\t<\/div>\n\t\t\t\t<\/div>\n\t\t\t\t<\/div>\n\t\t\t\t<div data-aos=\"custom\" data-aos-once=\"true\" class=\"elementor-element elementor-element-9699db3 elementor-widget elementor-widget-text-editor\" data-id=\"9699db3\" data-element_type=\"widget\" data-settings=\"{&quot;aos_animation_name&quot;:&quot;custom&quot;}\" data-widget_type=\"text-editor.default\">\n\t\t\t\t<div class=\"elementor-widget-container\">\n\t\t\t\t\t\t\t<p>La mejor visibilidad para tu negocio: 24 horas a los 7 d\u00edas de la semana buscando la mejor ubicaci\u00f3n para el cliente.<\/p>\n<p>Producci\u00f3n tanto en vinilo como en papel, pensando en campa\u00f1as m\u00e1s largas o m\u00e1s cortas.<\/p>\n\t\t\t\t\t\t<\/div>\n\t\t\t\t<\/div>\n\t\t\t\t<div class=\"elementor-element elementor-element-9b5dad6 elementor-widget elementor-widget-spacer\" data-id=\"9b5dad6\" data-element_type=\"widget\" data-settings=\"{&quot;aos_animation_name&quot;:&quot;none&quot;}\" data-widget_type=\"spacer.default\">\n\t\t\t\t<div class=\"elementor-widget-container\">\n\t\t\t\t\t<div class=\"elementor-spacer\">\n\t\t\t<div class=\"elementor-spacer-inner\"><\/div>\n\t\t<\/div>\n\t\t\t\t<\/div>\n\t\t\t\t<\/div>\n\t\t\t\t\t<\/div>\n\t\t<\/div>\n\t\t\t\t\t<\/div>\n\t\t<\/section>\n\t\t\t\t<\/div>\n\t\t","protected":false},"excerpt":{"rendered":"<p>Servicios Vallas publicitarias La mejor visibilidad para tu negocio: 24 horas a los 7 d\u00edas de la semana buscando la mejor ubicaci\u00f3n para el cliente. Producci\u00f3n tanto en vinilo como en papel, pensando en campa\u00f1as m\u00e1s largas o m\u00e1s cortas.<\/p>\n","protected":false},"author":1,"featured_media":0,"parent":6341,"menu_order":71,"comment_status":"closed","ping_status":"closed","template":"template-custom-page.php","meta":{"footnotes":"","_vp_format_video_url":"","_vp_image_focal_point":[]},"acf":[],"yoast_head":"<!-- This site is optimized with the Yoast SEO plugin v20.10 - https:\/\/yoast.com\/wordpress\/plugins\/seo\/ -->\n<title>Vallas publicitarias - Publicitat Fermalli Maresme<\/title>\n<meta name=\"robots\" content=\"index, follow, max-snippet:-1, max-image-preview:large, max-video-preview:-1\" \/>\n<link rel=\"canonical\" href=\"https:\/\/fermalli.com\/es\/servicios\/vallas-publicitarias\/\" \/>\n<meta property=\"og:locale\" content=\"es_ES\" \/>\n<meta property=\"og:type\" content=\"article\" \/>\n<meta property=\"og:title\" content=\"Vallas publicitarias - Publicitat Fermalli Maresme\" \/>\n<meta property=\"og:description\" content=\"Servicios Vallas publicitarias La mejor visibilidad para tu negocio: 24 horas a los 7 d\u00edas de la semana buscando la mejor ubicaci\u00f3n para el cliente. Producci\u00f3n tanto en vinilo como en papel, pensando en campa\u00f1as m\u00e1s largas o m\u00e1s cortas.\" \/>\n<meta property=\"og:url\" content=\"https:\/\/fermalli.com\/es\/servicios\/vallas-publicitarias\/\" \/>\n<meta property=\"og:site_name\" content=\"Publicitat Fermalli Maresme\" \/>\n<meta property=\"article:modified_time\" content=\"2023-07-07T12:12:02+00:00\" \/>\n<meta property=\"og:image\" content=\"https:\/\/fermalli.com\/wp-content\/uploads\/2023\/07\/tanca2.jpg\" \/>\n<meta name=\"twitter:card\" content=\"summary_large_image\" \/>\n<meta name=\"twitter:label1\" content=\"Tiempo de lectura\" \/>\n\t<meta name=\"twitter:data1\" content=\"2 minutos\" \/>\n<script type=\"application\/ld+json\" class=\"yoast-schema-graph\">{\"@context\":\"https:\/\/schema.org\",\"@graph\":[{\"@type\":\"WebPage\",\"@id\":\"https:\/\/fermalli.com\/es\/servicios\/vallas-publicitarias\/\",\"url\":\"https:\/\/fermalli.com\/es\/servicios\/vallas-publicitarias\/\",\"name\":\"Vallas publicitarias - Publicitat Fermalli Maresme\",\"isPartOf\":{\"@id\":\"https:\/\/fermalli.com\/es\/#website\"},\"datePublished\":\"2023-07-04T08:49:19+00:00\",\"dateModified\":\"2023-07-07T12:12:02+00:00\",\"breadcrumb\":{\"@id\":\"https:\/\/fermalli.com\/es\/servicios\/vallas-publicitarias\/#breadcrumb\"},\"inLanguage\":\"es\",\"potentialAction\":[{\"@type\":\"ReadAction\",\"target\":[\"https:\/\/fermalli.com\/es\/servicios\/vallas-publicitarias\/\"]}]},{\"@type\":\"BreadcrumbList\",\"@id\":\"https:\/\/fermalli.com\/es\/servicios\/vallas-publicitarias\/#breadcrumb\",\"itemListElement\":[{\"@type\":\"ListItem\",\"position\":1,\"name\":\"Portada\",\"item\":\"https:\/\/fermalli.com\/es\/\"},{\"@type\":\"ListItem\",\"position\":2,\"name\":\"Servicios\",\"item\":\"https:\/\/fermalli.com\/es\/servicios\/\"},{\"@type\":\"ListItem\",\"position\":3,\"name\":\"Vallas publicitarias\"}]},{\"@type\":\"WebSite\",\"@id\":\"https:\/\/fermalli.com\/es\/#website\",\"url\":\"https:\/\/fermalli.com\/es\/\",\"name\":\"Publicitat Fermalli Maresme\",\"description\":\"\",\"publisher\":{\"@id\":\"https:\/\/fermalli.com\/es\/#organization\"},\"potentialAction\":[{\"@type\":\"SearchAction\",\"target\":{\"@type\":\"EntryPoint\",\"urlTemplate\":\"https:\/\/fermalli.com\/es\/?s={search_term_string}\"},\"query-input\":\"required name=search_term_string\"}],\"inLanguage\":\"es\"},{\"@type\":\"Organization\",\"@id\":\"https:\/\/fermalli.com\/es\/#organization\",\"name\":\"Publicitat Fermalli Maresme\",\"url\":\"https:\/\/fermalli.com\/es\/\",\"logo\":{\"@type\":\"ImageObject\",\"inLanguage\":\"es\",\"@id\":\"https:\/\/fermalli.com\/es\/#\/schema\/logo\/image\/\",\"url\":\"https:\/\/fermalli.com\/wp-content\/uploads\/2023\/07\/logo_ne.png\",\"contentUrl\":\"https:\/\/fermalli.com\/wp-content\/uploads\/2023\/07\/logo_ne.png\",\"width\":200,\"height\":109,\"caption\":\"Publicitat Fermalli Maresme\"},\"image\":{\"@id\":\"https:\/\/fermalli.com\/es\/#\/schema\/logo\/image\/\"}}]}<\/script>\n<!-- \/ Yoast SEO plugin. -->","yoast_head_json":{"title":"Vallas publicitarias - Publicitat Fermalli Maresme","robots":{"index":"index","follow":"follow","max-snippet":"max-snippet:-1","max-image-preview":"max-image-preview:large","max-video-preview":"max-video-preview:-1"},"canonical":"https:\/\/fermalli.com\/es\/servicios\/vallas-publicitarias\/","og_locale":"es_ES","og_type":"article","og_title":"Vallas publicitarias - Publicitat Fermalli Maresme","og_description":"Servicios Vallas publicitarias La mejor visibilidad para tu negocio: 24 horas a los 7 d\u00edas de la semana buscando la mejor ubicaci\u00f3n para el cliente. Producci\u00f3n tanto en vinilo como en papel, pensando en campa\u00f1as m\u00e1s largas o m\u00e1s cortas.","og_url":"https:\/\/fermalli.com\/es\/servicios\/vallas-publicitarias\/","og_site_name":"Publicitat Fermalli Maresme","article_modified_time":"2023-07-07T12:12:02+00:00","og_image":[{"url":"https:\/\/fermalli.com\/wp-content\/uploads\/2023\/07\/tanca2.jpg"}],"twitter_card":"summary_large_image","twitter_misc":{"Tiempo de lectura":"2 minutos"},"schema":{"@context":"https:\/\/schema.org","@graph":[{"@type":"WebPage","@id":"https:\/\/fermalli.com\/es\/servicios\/vallas-publicitarias\/","url":"https:\/\/fermalli.com\/es\/servicios\/vallas-publicitarias\/","name":"Vallas publicitarias - Publicitat Fermalli Maresme","isPartOf":{"@id":"https:\/\/fermalli.com\/es\/#website"},"datePublished":"2023-07-04T08:49:19+00:00","dateModified":"2023-07-07T12:12:02+00:00","breadcrumb":{"@id":"https:\/\/fermalli.com\/es\/servicios\/vallas-publicitarias\/#breadcrumb"},"inLanguage":"es","potentialAction":[{"@type":"ReadAction","target":["https:\/\/fermalli.com\/es\/servicios\/vallas-publicitarias\/"]}]},{"@type":"BreadcrumbList","@id":"https:\/\/fermalli.com\/es\/servicios\/vallas-publicitarias\/#breadcrumb","itemListElement":[{"@type":"ListItem","position":1,"name":"Portada","item":"https:\/\/fermalli.com\/es\/"},{"@type":"ListItem","position":2,"name":"Servicios","item":"https:\/\/fermalli.com\/es\/servicios\/"},{"@type":"ListItem","position":3,"name":"Vallas publicitarias"}]},{"@type":"WebSite","@id":"https:\/\/fermalli.com\/es\/#website","url":"https:\/\/fermalli.com\/es\/","name":"Publicitat Fermalli Maresme","description":"","publisher":{"@id":"https:\/\/fermalli.com\/es\/#organization"},"potentialAction":[{"@type":"SearchAction","target":{"@type":"EntryPoint","urlTemplate":"https:\/\/fermalli.com\/es\/?s={search_term_string}"},"query-input":"required name=search_term_string"}],"inLanguage":"es"},{"@type":"Organization","@id":"https:\/\/fermalli.com\/es\/#organization","name":"Publicitat Fermalli Maresme","url":"https:\/\/fermalli.com\/es\/","logo":{"@type":"ImageObject","inLanguage":"es","@id":"https:\/\/fermalli.com\/es\/#\/schema\/logo\/image\/","url":"https:\/\/fermalli.com\/wp-content\/uploads\/2023\/07\/logo_ne.png","contentUrl":"https:\/\/fermalli.com\/wp-content\/uploads\/2023\/07\/logo_ne.png","width":200,"height":109,"caption":"Publicitat Fermalli Maresme"},"image":{"@id":"https:\/\/fermalli.com\/es\/#\/schema\/logo\/image\/"}}]}},"_links":{"self":[{"href":"https:\/\/fermalli.com\/es\/wp-json\/wp\/v2\/pages\/6400"}],"collection":[{"href":"https:\/\/fermalli.com\/es\/wp-json\/wp\/v2\/pages"}],"about":[{"href":"https:\/\/fermalli.com\/es\/wp-json\/wp\/v2\/types\/page"}],"author":[{"embeddable":true,"href":"https:\/\/fermalli.com\/es\/wp-json\/wp\/v2\/users\/1"}],"replies":[{"embeddable":true,"href":"https:\/\/fermalli.com\/es\/wp-json\/wp\/v2\/comments?post=6400"}],"version-history":[{"count":4,"href":"https:\/\/fermalli.com\/es\/wp-json\/wp\/v2\/pages\/6400\/revisions"}],"predecessor-version":[{"id":6417,"href":"https:\/\/fermalli.com\/es\/wp-json\/wp\/v2\/pages\/6400\/revisions\/6417"}],"up":[{"embeddable":true,"href":"https:\/\/fermalli.com\/es\/wp-json\/wp\/v2\/pages\/6341"}],"wp:attachment":[{"href":"https:\/\/fermalli.com\/es\/wp-json\/wp\/v2\/media?parent=6400"}],"curies":[{"name":"wp","href":"https:\/\/api.w.org\/{rel}","templated":true}]}}