{"id":6392,"date":"2023-07-04T11:00:10","date_gmt":"2023-07-04T09:00:10","guid":{"rendered":"https:\/\/fermalli.com\/servicios\/rotulos-basicos\/"},"modified":"2023-07-07T14:12:31","modified_gmt":"2023-07-07T12:12:31","slug":"rotulos-basicos","status":"publish","type":"page","link":"https:\/\/fermalli.com\/es\/servicios\/rotulos-basicos\/","title":{"rendered":"R\u00f3tulos b\u00e1sicos"},"content":{"rendered":"\t\t<div data-elementor-type=\"wp-page\" data-elementor-id=\"6392\" class=\"elementor elementor-6392 elementor-5811\">\n\t\t\t\t\t\t<section class=\"elementor-section elementor-top-section elementor-element elementor-element-7be32a3 elementor-reverse-tablet elementor-reverse-mobile elementor-section-boxed elementor-section-height-default elementor-section-height-default\" data-id=\"7be32a3\" data-element_type=\"section\">\n\t\t\t\t\t\t<div class=\"elementor-container elementor-column-gap-extended\">\n\t\t\t\t\t<div class=\"elementor-column elementor-col-33 elementor-top-column elementor-element elementor-element-f85fd1e\" data-id=\"f85fd1e\" data-element_type=\"column\">\n\t\t\t<div class=\"elementor-widget-wrap elementor-element-populated\">\n\t\t\t\t\t\t<div class=\"elementor-element elementor-element-a1abae4 elementor-widget elementor-widget-vlt-simple-image\" data-id=\"a1abae4\" data-element_type=\"widget\" data-settings=\"{&quot;aos_animation_name&quot;:&quot;none&quot;}\" data-widget_type=\"vlt-simple-image.default\">\n\t\t\t\t<div class=\"elementor-widget-container\">\n\t\t\t\n\t\t<div class=\"vlt-simple-image\">\n\n\t\t\t\n\t\t\t\t<a class=\"vlt-simple-image__link\" href=\"https:\/\/fermalli.com\/wp-content\/uploads\/2023\/07\/foams-1.jpg\" data-fancybox=\"mug\" data-caption=\"\"><i class=\"ri-add-fill\"><\/i><\/a>\n\n\t\t\t\n\t\t\t\n\t\t\t\t<div class=\"vlt-simple-image__mask\" data-aos=\"image-mask-animation\" data-aos-delay=\"\"><div class=\"inside\"><\/div><\/div>\n\n\t\t\t\n\t\t\t\n\t\t\t\t<img loading=\"lazy\" width=\"570\" height=\"530\" src=\"https:\/\/fermalli.com\/wp-content\/uploads\/2023\/07\/foams-1.jpg\" class=\"attachment-sixten-800x600 size-sixten-800x600\" alt=\"\" decoding=\"async\" loading=\"lazy\" srcset=\"https:\/\/fermalli.com\/wp-content\/uploads\/2023\/07\/foams-1.jpg 570w, https:\/\/fermalli.com\/wp-content\/uploads\/2023\/07\/foams-1-300x279.jpg 300w, https:\/\/fermalli.com\/wp-content\/uploads\/2023\/07\/foams-1-500x465.jpg 500w\" sizes=\"(max-width: 570px) 100vw, 570px\" \/>\n\t\t\t\n\t\t<\/div>\n\n\t\t\t\t<\/div>\n\t\t\t\t<\/div>\n\t\t\t\t<div class=\"elementor-element elementor-element-4f5fc22 elementor-widget elementor-widget-spacer\" data-id=\"4f5fc22\" data-element_type=\"widget\" data-settings=\"{&quot;aos_animation_name&quot;:&quot;none&quot;}\" data-widget_type=\"spacer.default\">\n\t\t\t\t<div class=\"elementor-widget-container\">\n\t\t\t\t\t<div class=\"elementor-spacer\">\n\t\t\t<div class=\"elementor-spacer-inner\"><\/div>\n\t\t<\/div>\n\t\t\t\t<\/div>\n\t\t\t\t<\/div>\n\t\t\t\t\t<\/div>\n\t\t<\/div>\n\t\t\t\t<div class=\"elementor-column elementor-col-33 elementor-top-column elementor-element elementor-element-c86ae9d\" data-id=\"c86ae9d\" data-element_type=\"column\">\n\t\t\t<div class=\"elementor-widget-wrap\">\n\t\t\t\t\t\t\t<\/div>\n\t\t<\/div>\n\t\t\t\t<div class=\"elementor-column elementor-col-33 elementor-top-column elementor-element elementor-element-1845044 has-sticky-column\" data-id=\"1845044\" data-element_type=\"column\">\n\t\t\t<div class=\"elementor-widget-wrap elementor-element-populated\">\n\t\t\t\t\t\t<div data-aos=\"custom\" data-aos-once=\"true\" class=\"elementor-element elementor-element-178f2d8 elementor-widget elementor-widget-vlt-section-title\" data-id=\"178f2d8\" data-element_type=\"widget\" data-settings=\"{&quot;aos_animation_name&quot;:&quot;custom&quot;}\" data-widget_type=\"vlt-section-title.default\">\n\t\t\t\t<div class=\"elementor-widget-container\">\n\t\t\t\n\t\t<div class=\"vlt-section-title\">\n\n\t\t\t\t\t\t\t<span class=\"vlt-section-title__subtitle\">Servicios<\/span>\n\t\t\t\n\t\t\t\n\t\t\t\t<h3 class=\"vlt-section-title__heading\">\n\n\t\t\t\t\t\n\t\t\t\t\tR\u00f3tulos b\u00e1sicos\n\t\t\t\t\t\n\t\t\t\t<\/h3>\n\n\t\t\t\n\t\t\t\n\t\t<\/div>\n\n\t\t\t<\/div>\n\t\t\t\t<\/div>\n\t\t\t\t<div class=\"elementor-element elementor-element-1dfa802 elementor-widget elementor-widget-spacer\" data-id=\"1dfa802\" data-element_type=\"widget\" data-settings=\"{&quot;aos_animation_name&quot;:&quot;none&quot;}\" data-widget_type=\"spacer.default\">\n\t\t\t\t<div class=\"elementor-widget-container\">\n\t\t\t\t\t<div class=\"elementor-spacer\">\n\t\t\t<div class=\"elementor-spacer-inner\"><\/div>\n\t\t<\/div>\n\t\t\t\t<\/div>\n\t\t\t\t<\/div>\n\t\t\t\t<div data-aos=\"custom\" data-aos-once=\"true\" class=\"elementor-element elementor-element-9699db3 elementor-widget elementor-widget-text-editor\" data-id=\"9699db3\" data-element_type=\"widget\" data-settings=\"{&quot;aos_animation_name&quot;:&quot;custom&quot;}\" data-widget_type=\"text-editor.default\">\n\t\t\t\t<div class=\"elementor-widget-container\">\n\t\t\t\t\t\t\t<p>Letreros realizados con el material m\u00e1s adecuado para cada necesidad: metacrilato, policarbonato, composite, PVC espumado, cart\u00f3n pluma, policarbonato celular, polipropileno celular.<\/p>\n<p>Todos ellos con una gran variedad de tama\u00f1os y espesores.<\/p>\n<p>La gr\u00e1fica se puede realizar con vinilos impresos digitalmente o de corte, papeles o l\u00e1minas de polipropileno.<\/p>\n\t\t\t\t\t\t<\/div>\n\t\t\t\t<\/div>\n\t\t\t\t<div class=\"elementor-element elementor-element-9d731a2 elementor-widget elementor-widget-spacer\" data-id=\"9d731a2\" data-element_type=\"widget\" data-settings=\"{&quot;aos_animation_name&quot;:&quot;none&quot;}\" data-widget_type=\"spacer.default\">\n\t\t\t\t<div class=\"elementor-widget-container\">\n\t\t\t\t\t<div class=\"elementor-spacer\">\n\t\t\t<div class=\"elementor-spacer-inner\"><\/div>\n\t\t<\/div>\n\t\t\t\t<\/div>\n\t\t\t\t<\/div>\n\t\t\t\t<div class=\"elementor-element elementor-element-ba2ad9a elementor-widget elementor-widget-spacer\" data-id=\"ba2ad9a\" data-element_type=\"widget\" data-settings=\"{&quot;aos_animation_name&quot;:&quot;none&quot;}\" data-widget_type=\"spacer.default\">\n\t\t\t\t<div class=\"elementor-widget-container\">\n\t\t\t\t\t<div class=\"elementor-spacer\">\n\t\t\t<div class=\"elementor-spacer-inner\"><\/div>\n\t\t<\/div>\n\t\t\t\t<\/div>\n\t\t\t\t<\/div>\n\t\t\t\t\t<\/div>\n\t\t<\/div>\n\t\t\t\t\t<\/div>\n\t\t<\/section>\n\t\t\t\t<\/div>\n\t\t","protected":false},"excerpt":{"rendered":"<p>Servicios R\u00f3tulos b\u00e1sicos Letreros realizados con el material m\u00e1s adecuado para cada necesidad: metacrilato, policarbonato, composite, PVC espumado, cart\u00f3n pluma, policarbonato celular, polipropileno celular. Todos ellos con una gran variedad de tama\u00f1os y espesores. La gr\u00e1fica se puede realizar con vinilos impresos digitalmente o de corte, papeles o l\u00e1minas de polipropileno.<\/p>\n","protected":false},"author":1,"featured_media":0,"parent":6341,"menu_order":71,"comment_status":"closed","ping_status":"closed","template":"template-custom-page.php","meta":{"footnotes":"","_vp_format_video_url":"","_vp_image_focal_point":[]},"acf":[],"yoast_head":"<!-- This site is optimized with the Yoast SEO plugin v20.10 - https:\/\/yoast.com\/wordpress\/plugins\/seo\/ -->\n<title>R\u00f3tulos b\u00e1sicos - Publicitat Fermalli Maresme<\/title>\n<meta name=\"robots\" content=\"index, follow, max-snippet:-1, max-image-preview:large, max-video-preview:-1\" \/>\n<link rel=\"canonical\" href=\"https:\/\/fermalli.com\/es\/servicios\/rotulos-basicos\/\" \/>\n<meta property=\"og:locale\" content=\"es_ES\" \/>\n<meta property=\"og:type\" content=\"article\" \/>\n<meta property=\"og:title\" content=\"R\u00f3tulos b\u00e1sicos - Publicitat Fermalli Maresme\" \/>\n<meta property=\"og:description\" content=\"Servicios R\u00f3tulos b\u00e1sicos Letreros realizados con el material m\u00e1s adecuado para cada necesidad: metacrilato, policarbonato, composite, PVC espumado, cart\u00f3n pluma, policarbonato celular, polipropileno celular. Todos ellos con una gran variedad de tama\u00f1os y espesores. La gr\u00e1fica se puede realizar con vinilos impresos digitalmente o de corte, papeles o l\u00e1minas de polipropileno.\" \/>\n<meta property=\"og:url\" content=\"https:\/\/fermalli.com\/es\/servicios\/rotulos-basicos\/\" \/>\n<meta property=\"og:site_name\" content=\"Publicitat Fermalli Maresme\" \/>\n<meta property=\"article:modified_time\" content=\"2023-07-07T12:12:31+00:00\" \/>\n<meta property=\"og:image\" content=\"https:\/\/fermalli.com\/wp-content\/uploads\/2023\/07\/foams-1.jpg\" \/>\n<meta name=\"twitter:card\" content=\"summary_large_image\" \/>\n<meta name=\"twitter:label1\" content=\"Tiempo de lectura\" \/>\n\t<meta name=\"twitter:data1\" content=\"1 minuto\" \/>\n<script type=\"application\/ld+json\" class=\"yoast-schema-graph\">{\"@context\":\"https:\/\/schema.org\",\"@graph\":[{\"@type\":\"WebPage\",\"@id\":\"https:\/\/fermalli.com\/es\/servicios\/rotulos-basicos\/\",\"url\":\"https:\/\/fermalli.com\/es\/servicios\/rotulos-basicos\/\",\"name\":\"R\u00f3tulos b\u00e1sicos - Publicitat Fermalli Maresme\",\"isPartOf\":{\"@id\":\"https:\/\/fermalli.com\/es\/#website\"},\"datePublished\":\"2023-07-04T09:00:10+00:00\",\"dateModified\":\"2023-07-07T12:12:31+00:00\",\"breadcrumb\":{\"@id\":\"https:\/\/fermalli.com\/es\/servicios\/rotulos-basicos\/#breadcrumb\"},\"inLanguage\":\"es\",\"potentialAction\":[{\"@type\":\"ReadAction\",\"target\":[\"https:\/\/fermalli.com\/es\/servicios\/rotulos-basicos\/\"]}]},{\"@type\":\"BreadcrumbList\",\"@id\":\"https:\/\/fermalli.com\/es\/servicios\/rotulos-basicos\/#breadcrumb\",\"itemListElement\":[{\"@type\":\"ListItem\",\"position\":1,\"name\":\"Portada\",\"item\":\"https:\/\/fermalli.com\/es\/\"},{\"@type\":\"ListItem\",\"position\":2,\"name\":\"Servicios\",\"item\":\"https:\/\/fermalli.com\/es\/servicios\/\"},{\"@type\":\"ListItem\",\"position\":3,\"name\":\"R\u00f3tulos b\u00e1sicos\"}]},{\"@type\":\"WebSite\",\"@id\":\"https:\/\/fermalli.com\/es\/#website\",\"url\":\"https:\/\/fermalli.com\/es\/\",\"name\":\"Publicitat Fermalli Maresme\",\"description\":\"\",\"publisher\":{\"@id\":\"https:\/\/fermalli.com\/es\/#organization\"},\"potentialAction\":[{\"@type\":\"SearchAction\",\"target\":{\"@type\":\"EntryPoint\",\"urlTemplate\":\"https:\/\/fermalli.com\/es\/?s={search_term_string}\"},\"query-input\":\"required name=search_term_string\"}],\"inLanguage\":\"es\"},{\"@type\":\"Organization\",\"@id\":\"https:\/\/fermalli.com\/es\/#organization\",\"name\":\"Publicitat Fermalli Maresme\",\"url\":\"https:\/\/fermalli.com\/es\/\",\"logo\":{\"@type\":\"ImageObject\",\"inLanguage\":\"es\",\"@id\":\"https:\/\/fermalli.com\/es\/#\/schema\/logo\/image\/\",\"url\":\"https:\/\/fermalli.com\/wp-content\/uploads\/2023\/07\/logo_ne.png\",\"contentUrl\":\"https:\/\/fermalli.com\/wp-content\/uploads\/2023\/07\/logo_ne.png\",\"width\":200,\"height\":109,\"caption\":\"Publicitat Fermalli Maresme\"},\"image\":{\"@id\":\"https:\/\/fermalli.com\/es\/#\/schema\/logo\/image\/\"}}]}<\/script>\n<!-- \/ Yoast SEO plugin. -->","yoast_head_json":{"title":"R\u00f3tulos b\u00e1sicos - Publicitat Fermalli Maresme","robots":{"index":"index","follow":"follow","max-snippet":"max-snippet:-1","max-image-preview":"max-image-preview:large","max-video-preview":"max-video-preview:-1"},"canonical":"https:\/\/fermalli.com\/es\/servicios\/rotulos-basicos\/","og_locale":"es_ES","og_type":"article","og_title":"R\u00f3tulos b\u00e1sicos - Publicitat Fermalli Maresme","og_description":"Servicios R\u00f3tulos b\u00e1sicos Letreros realizados con el material m\u00e1s adecuado para cada necesidad: metacrilato, policarbonato, composite, PVC espumado, cart\u00f3n pluma, policarbonato celular, polipropileno celular. Todos ellos con una gran variedad de tama\u00f1os y espesores. La gr\u00e1fica se puede realizar con vinilos impresos digitalmente o de corte, papeles o l\u00e1minas de polipropileno.","og_url":"https:\/\/fermalli.com\/es\/servicios\/rotulos-basicos\/","og_site_name":"Publicitat Fermalli Maresme","article_modified_time":"2023-07-07T12:12:31+00:00","og_image":[{"url":"https:\/\/fermalli.com\/wp-content\/uploads\/2023\/07\/foams-1.jpg"}],"twitter_card":"summary_large_image","twitter_misc":{"Tiempo de lectura":"1 minuto"},"schema":{"@context":"https:\/\/schema.org","@graph":[{"@type":"WebPage","@id":"https:\/\/fermalli.com\/es\/servicios\/rotulos-basicos\/","url":"https:\/\/fermalli.com\/es\/servicios\/rotulos-basicos\/","name":"R\u00f3tulos b\u00e1sicos - Publicitat Fermalli Maresme","isPartOf":{"@id":"https:\/\/fermalli.com\/es\/#website"},"datePublished":"2023-07-04T09:00:10+00:00","dateModified":"2023-07-07T12:12:31+00:00","breadcrumb":{"@id":"https:\/\/fermalli.com\/es\/servicios\/rotulos-basicos\/#breadcrumb"},"inLanguage":"es","potentialAction":[{"@type":"ReadAction","target":["https:\/\/fermalli.com\/es\/servicios\/rotulos-basicos\/"]}]},{"@type":"BreadcrumbList","@id":"https:\/\/fermalli.com\/es\/servicios\/rotulos-basicos\/#breadcrumb","itemListElement":[{"@type":"ListItem","position":1,"name":"Portada","item":"https:\/\/fermalli.com\/es\/"},{"@type":"ListItem","position":2,"name":"Servicios","item":"https:\/\/fermalli.com\/es\/servicios\/"},{"@type":"ListItem","position":3,"name":"R\u00f3tulos b\u00e1sicos"}]},{"@type":"WebSite","@id":"https:\/\/fermalli.com\/es\/#website","url":"https:\/\/fermalli.com\/es\/","name":"Publicitat Fermalli Maresme","description":"","publisher":{"@id":"https:\/\/fermalli.com\/es\/#organization"},"potentialAction":[{"@type":"SearchAction","target":{"@type":"EntryPoint","urlTemplate":"https:\/\/fermalli.com\/es\/?s={search_term_string}"},"query-input":"required name=search_term_string"}],"inLanguage":"es"},{"@type":"Organization","@id":"https:\/\/fermalli.com\/es\/#organization","name":"Publicitat Fermalli Maresme","url":"https:\/\/fermalli.com\/es\/","logo":{"@type":"ImageObject","inLanguage":"es","@id":"https:\/\/fermalli.com\/es\/#\/schema\/logo\/image\/","url":"https:\/\/fermalli.com\/wp-content\/uploads\/2023\/07\/logo_ne.png","contentUrl":"https:\/\/fermalli.com\/wp-content\/uploads\/2023\/07\/logo_ne.png","width":200,"height":109,"caption":"Publicitat Fermalli Maresme"},"image":{"@id":"https:\/\/fermalli.com\/es\/#\/schema\/logo\/image\/"}}]}},"_links":{"self":[{"href":"https:\/\/fermalli.com\/es\/wp-json\/wp\/v2\/pages\/6392"}],"collection":[{"href":"https:\/\/fermalli.com\/es\/wp-json\/wp\/v2\/pages"}],"about":[{"href":"https:\/\/fermalli.com\/es\/wp-json\/wp\/v2\/types\/page"}],"author":[{"embeddable":true,"href":"https:\/\/fermalli.com\/es\/wp-json\/wp\/v2\/users\/1"}],"replies":[{"embeddable":true,"href":"https:\/\/fermalli.com\/es\/wp-json\/wp\/v2\/comments?post=6392"}],"version-history":[{"count":4,"href":"https:\/\/fermalli.com\/es\/wp-json\/wp\/v2\/pages\/6392\/revisions"}],"predecessor-version":[{"id":6426,"href":"https:\/\/fermalli.com\/es\/wp-json\/wp\/v2\/pages\/6392\/revisions\/6426"}],"up":[{"embeddable":true,"href":"https:\/\/fermalli.com\/es\/wp-json\/wp\/v2\/pages\/6341"}],"wp:attachment":[{"href":"https:\/\/fermalli.com\/es\/wp-json\/wp\/v2\/media?parent=6392"}],"curies":[{"name":"wp","href":"https:\/\/api.w.org\/{rel}","templated":true}]}}