{"id":6347,"date":"2023-07-03T13:09:26","date_gmt":"2023-07-03T11:09:26","guid":{"rendered":"https:\/\/fermalli.com\/politica-de-privacitat\/"},"modified":"2023-07-07T11:17:08","modified_gmt":"2023-07-07T09:17:08","slug":"politica-de-privacitat","status":"publish","type":"page","link":"https:\/\/fermalli.com\/es\/politica-de-privacitat\/","title":{"rendered":"Pol\u00edtica de privacidad"},"content":{"rendered":"\t\t<div data-elementor-type=\"wp-page\" data-elementor-id=\"6347\" class=\"elementor elementor-6347 elementor-5617\">\n\t\t\t\t\t\t<section class=\"elementor-section elementor-top-section elementor-element elementor-element-c686834 elementor-section-full_width elementor-section-height-default elementor-section-height-default\" data-id=\"c686834\" data-element_type=\"section\">\n\t\t\t\t\t\t<div class=\"elementor-container elementor-column-gap-no\">\n\t\t\t\t\t<div class=\"elementor-column elementor-col-100 elementor-top-column elementor-element elementor-element-62c6c55\" data-id=\"62c6c55\" data-element_type=\"column\">\n\t\t\t<div class=\"elementor-widget-wrap elementor-element-populated\">\n\t\t\t\t\t\t<div class=\"elementor-element elementor-element-d1fd4ce elementor-widget elementor-widget-vlt-page-title\" data-id=\"d1fd4ce\" data-element_type=\"widget\" data-settings=\"{&quot;aos_animation_name&quot;:&quot;none&quot;}\" data-widget_type=\"vlt-page-title.default\">\n\t\t\t\t<div class=\"elementor-widget-container\">\n\t\t\t\n\t\t<div class=\"vlt-page-title vlt-page-title--d1fd4ce vlt-page-title--style-1\">\n\n\t\t\t<div class=\"container\"><h1 class=\"vlt-page-title__title\">Pol\u00edtica de privacitat<\/h1><\/div>\n\t\t<\/div>\n\n\t\t<div id=\"d1fd4ce\"><\/div>\n\n\t\t\t\t<\/div>\n\t\t\t\t<\/div>\n\t\t\t\t\t<\/div>\n\t\t<\/div>\n\t\t\t\t\t<\/div>\n\t\t<\/section>\n\t\t\t\t<section class=\"elementor-section elementor-top-section elementor-element elementor-element-9e61d3e elementor-section-boxed elementor-section-height-default elementor-section-height-default\" data-id=\"9e61d3e\" data-element_type=\"section\">\n\t\t\t\t\t\t<div class=\"elementor-container elementor-column-gap-extended\">\n\t\t\t\t\t<div class=\"elementor-column elementor-col-100 elementor-top-column elementor-element elementor-element-83388cc\" data-id=\"83388cc\" data-element_type=\"column\">\n\t\t\t<div class=\"elementor-widget-wrap elementor-element-populated\">\n\t\t\t\t\t\t<div data-aos=\"custom\" data-aos-delay=\"200\" data-aos-once=\"true\" class=\"elementor-element elementor-element-142c033 elementor-widget elementor-widget-text-editor\" data-id=\"142c033\" data-element_type=\"widget\" data-settings=\"{&quot;aos_animation_name&quot;:&quot;custom&quot;}\" data-widget_type=\"text-editor.default\">\n\t\t\t\t<div class=\"elementor-widget-container\">\n\t\t\t\t\t\t\t<h3><strong>1 INFORMACI\u00d3 PER A L\u2019USUARI<\/strong><\/h3>\n<p><strong>Qui \u00e9s el responsable del tractament de les teves dades personals?<\/strong><\/p>\n<p><strong>PUBLICITAT FERMALLI MARESME, S.L.<\/strong> \u00e9s el RESPONSABLE del tractament de les dades personals de l\u2019USUARI i l\u2019informa que aquestes dades es tractaran de conformitat amb el que estableix el Reglament (UE) 2016\/679, de 27 d\u2019abril (GDPR), i la Llei Org\u00e0nica 3\/2018, de 5 de desembre (LOPDGDD).<\/p>\n<p><strong>\u00bfPer a qu\u00e8 tractem les teves dades personals i perqu\u00e8 ho fem?<\/strong><\/p>\n<p>Segons el formulari on h\u00e0gim obtingut les vostres dades personals, les tractarem de manera confidencial per assolir les finalitats seg\u00fcents:<\/p>\n<p>En el formulari <strong>Contacte<\/strong><\/p>\n<ul>\n<li>Donar resposta a les consultes o qualsevol tipus de petici\u00f3 que faci l&#8217;usuari a trav\u00e9s de qualsevol de les formes de contacte que es posen a la seva disposici\u00f3 a la p\u00e0gina web del responsable.<br \/>(<em>per l&#8217;inter\u00e8s leg\u00edtim de l&#8217;responsable, art. 6.1.f GDPR<\/em>)<\/li>\n<li>Efectuar an\u00e0lisis estad\u00edstiques i estudis de mercat.<br \/>(<em>per l&#8217;inter\u00e8s leg\u00edtim de l&#8217;responsable, art. 6.1.f GDPR<\/em>)<\/li>\n<\/ul>\n<p><strong>Durant quant de temps guardarem les teves dades personals?<\/strong><\/p>\n<p>Es conservaran durant no m\u00e9s temps del necessari per mantenir la finalitat del tractament o mentre hi hagi prescripcions legals que en dictaminin la cust\u00f2dia i quan ja no sigui necessari per aquest motiu, se suprimiran amb mesures de seguretat adequades per garantir que les dades siguin anonimitzades o totalment destru\u00efdes.<\/p>\n<p><strong>A qui facilitem les vostres dades personals?<\/strong><\/p>\n<p>No es preveu cap comunicaci\u00f3 de dades personals a tercers excepte si fos necessari per al desenvolupament i execuci\u00f3 de les finalitats del tractament, als nostres prove\u00efdors de serveis relacionats amb comunicacions, amb els quals el RESPONSABLE ha formalitzat els contractes de confidencialitat i d\u2019encarregat de tractament exigits per la normativa vigent de privacitat.<\/p>\n<p><strong>Quins s\u00f3n teus drets?<\/strong><\/p>\n<p>Els drets que t\u00e9 l\u2019USUARI s\u00f3n:<\/p>\n<ul>\n<li>Dret a retirar el consentiment en qualsevol moment.<\/li>\n<li>Dret d\u2019acc\u00e9s, rectificaci\u00f3, portabilitat i supressi\u00f3 de les vostres dades i de limitaci\u00f3 o oposici\u00f3 al seu tractament.<\/li>\n<li>Dret a presentar una reclamaci\u00f3 davant l\u2019autoritat de control (www.aepd.es) si considera que el tractament no s\u2019ajusta a la normativa vigent.<\/li>\n<\/ul>\n<p><strong>Dades de contacte per exercir els seus drets<\/strong>:<\/p>\n<p>PUBLICITAT FERMALLI MARESME, S.L.. MURALLA SANT LLOREN\u00c7, 2 &#8211; 08302 MATAR\u00d3 (Barcelona). E-mail: <a href=\"mailto:info@fermalli.com\">info@fermalli.com<\/a><\/p>\n<\/p>\n<h3><strong>2 CAR\u00c0CTER OBLIGATORI O FACULTATIU DE LA INFORMACI\u00d3 FACILITADA PER L\u2019USUARI<\/strong><\/h3>\n<p>Els USUARIS, per mitj\u00e0 de les caselles corresponents i la introducci\u00f3 de dades en els camps, marcats amb l\u2019asterisc (*) en el formulari de contacte o presentats en formularis de desc\u00e0rrega, accepten expressament i de manera lliure i inequ\u00edvoca, que les seves dades s\u00f3n necess\u00e0ries per atendre la seva petici\u00f3, per part del prestador, i que per tant la inclusi\u00f3 de les dades en els camps restants \u00e9s volunt\u00e0ria. L\u2019USUARI garanteix que les dades personals facilitades al RESPONSABLE s\u00f3n ver\u00eddiques i es fa responsable de comunicar-ne qualsevol modificaci\u00f3.<\/p>\n<p>El RESPONSABLE informa que totes les dades sol\u00b7licitades a trav\u00e9s del lloc web s\u00f3n obligat\u00f2ries, ja que s\u00f3n necess\u00e0ries per a la prestaci\u00f3 d\u2019un servei \u00f2ptim a l\u2019USUARI. En cas que no es facilitin totes les dades, no es garanteix que la informaci\u00f3 i serveis facilitats s\u2019ajustin completament a les seves necessitats.<\/p>\n<\/p>\n<h3><strong>3 MESURES DE SEGURETAT<\/strong><\/h3>\n<p>Que, de conformitat amb el que estableixen les normatives vigents en protecci\u00f3 de dades personals, el RESPONSABLE est\u00e0 complint amb totes les disposicions de les normatives GDPR i LOPDGDD per al tractament de les dades personals de la seva responsabilitat, i manifestament amb els principis descrits a l\u2019article 5 del GDPR, pels quals es tracten de manera l\u00edcita, lleial i transparent en relaci\u00f3 amb l\u2019interessat i adequades, pertinents i limitades al que \u00e9s necessari en relaci\u00f3 amb les finalitats per a les quals es tracten.<\/p>\n<p>El RESPONSABLE garanteix que ha implementat pol\u00edtiques t\u00e8cniques i organitzatives apropiades per aplicar les mesures de seguretat que estableixen el GDPR i la LOPDGDD, amb la finalitat de protegir els drets i llibertats dels USUARIS i els ha comunicat la informaci\u00f3 adequada perqu\u00e8 puguin exercir-los.<\/p>\n<p>Per a m\u00e9s informaci\u00f3 sobre les garanties de privacitat, pots adre\u00e7ar-te al RESPONSABLE a trav\u00e9s de PUBLICITAT FERMALLI MARESME, S.L.. MURALLA SANT LLOREN\u00c7, 2 &#8211; 08302 MATAR\u00d3 (Barcelona). E-mail: <a href=\"mailto:info@fermalli.com\">info@fermalli.com<\/a><\/p>\n\t\t\t\t\t\t<\/div>\n\t\t\t\t<\/div>\n\t\t\t\t\t<\/div>\n\t\t<\/div>\n\t\t\t\t\t<\/div>\n\t\t<\/section>\n\t\t\t\t<\/div>\n\t\t","protected":false},"excerpt":{"rendered":"<p>Pol\u00edtica de privacitat 1 INFORMACI\u00d3 PER A L\u2019USUARI Qui \u00e9s el responsable del tractament de les teves dades personals? PUBLICITAT FERMALLI MARESME, S.L. \u00e9s el RESPONSABLE del tractament de les dades personals de l\u2019USUARI i l\u2019informa que aquestes dades es tractaran de conformitat amb el que estableix el Reglament (UE) 2016\/679, de 27 d\u2019abril (GDPR), [&hellip;]<\/p>\n","protected":false},"author":1,"featured_media":0,"parent":0,"menu_order":28,"comment_status":"closed","ping_status":"closed","template":"template-custom-page.php","meta":{"footnotes":"","_vp_format_video_url":"","_vp_image_focal_point":[]},"acf":[],"yoast_head":"<!-- This site is optimized with the Yoast SEO plugin v20.10 - https:\/\/yoast.com\/wordpress\/plugins\/seo\/ -->\n<title>Pol\u00edtica de privacidad - Publicitat Fermalli Maresme<\/title>\n<meta name=\"robots\" content=\"index, follow, max-snippet:-1, max-image-preview:large, max-video-preview:-1\" \/>\n<link rel=\"canonical\" href=\"https:\/\/fermalli.com\/es\/politica-de-privacitat\/\" \/>\n<meta property=\"og:locale\" content=\"es_ES\" \/>\n<meta property=\"og:type\" content=\"article\" \/>\n<meta property=\"og:title\" content=\"Pol\u00edtica de privacidad - Publicitat Fermalli Maresme\" \/>\n<meta property=\"og:description\" content=\"Pol\u00edtica de privacitat 1 INFORMACI\u00d3 PER A L\u2019USUARI Qui \u00e9s el responsable del tractament de les teves dades personals? PUBLICITAT FERMALLI MARESME, S.L. \u00e9s el RESPONSABLE del tractament de les dades personals de l\u2019USUARI i l\u2019informa que aquestes dades es tractaran de conformitat amb el que estableix el Reglament (UE) 2016\/679, de 27 d\u2019abril (GDPR), [&hellip;]\" \/>\n<meta property=\"og:url\" content=\"https:\/\/fermalli.com\/es\/politica-de-privacitat\/\" \/>\n<meta property=\"og:site_name\" content=\"Publicitat Fermalli Maresme\" \/>\n<meta property=\"article:modified_time\" content=\"2023-07-07T09:17:08+00:00\" \/>\n<meta name=\"twitter:card\" content=\"summary_large_image\" \/>\n<meta name=\"twitter:label1\" content=\"Tiempo de lectura\" \/>\n\t<meta name=\"twitter:data1\" content=\"4 minutos\" \/>\n<script type=\"application\/ld+json\" class=\"yoast-schema-graph\">{\"@context\":\"https:\/\/schema.org\",\"@graph\":[{\"@type\":\"WebPage\",\"@id\":\"https:\/\/fermalli.com\/es\/politica-de-privacitat\/\",\"url\":\"https:\/\/fermalli.com\/es\/politica-de-privacitat\/\",\"name\":\"Pol\u00edtica de privacidad - Publicitat Fermalli Maresme\",\"isPartOf\":{\"@id\":\"https:\/\/fermalli.com\/es\/#website\"},\"datePublished\":\"2023-07-03T11:09:26+00:00\",\"dateModified\":\"2023-07-07T09:17:08+00:00\",\"breadcrumb\":{\"@id\":\"https:\/\/fermalli.com\/es\/politica-de-privacitat\/#breadcrumb\"},\"inLanguage\":\"es\",\"potentialAction\":[{\"@type\":\"ReadAction\",\"target\":[\"https:\/\/fermalli.com\/es\/politica-de-privacitat\/\"]}]},{\"@type\":\"BreadcrumbList\",\"@id\":\"https:\/\/fermalli.com\/es\/politica-de-privacitat\/#breadcrumb\",\"itemListElement\":[{\"@type\":\"ListItem\",\"position\":1,\"name\":\"Portada\",\"item\":\"https:\/\/fermalli.com\/es\/\"},{\"@type\":\"ListItem\",\"position\":2,\"name\":\"Pol\u00edtica de privacidad\"}]},{\"@type\":\"WebSite\",\"@id\":\"https:\/\/fermalli.com\/es\/#website\",\"url\":\"https:\/\/fermalli.com\/es\/\",\"name\":\"Publicitat Fermalli Maresme\",\"description\":\"\",\"publisher\":{\"@id\":\"https:\/\/fermalli.com\/es\/#organization\"},\"potentialAction\":[{\"@type\":\"SearchAction\",\"target\":{\"@type\":\"EntryPoint\",\"urlTemplate\":\"https:\/\/fermalli.com\/es\/?s={search_term_string}\"},\"query-input\":\"required name=search_term_string\"}],\"inLanguage\":\"es\"},{\"@type\":\"Organization\",\"@id\":\"https:\/\/fermalli.com\/es\/#organization\",\"name\":\"Publicitat Fermalli Maresme\",\"url\":\"https:\/\/fermalli.com\/es\/\",\"logo\":{\"@type\":\"ImageObject\",\"inLanguage\":\"es\",\"@id\":\"https:\/\/fermalli.com\/es\/#\/schema\/logo\/image\/\",\"url\":\"https:\/\/fermalli.com\/wp-content\/uploads\/2023\/07\/logo_ne.png\",\"contentUrl\":\"https:\/\/fermalli.com\/wp-content\/uploads\/2023\/07\/logo_ne.png\",\"width\":200,\"height\":109,\"caption\":\"Publicitat Fermalli Maresme\"},\"image\":{\"@id\":\"https:\/\/fermalli.com\/es\/#\/schema\/logo\/image\/\"}}]}<\/script>\n<!-- \/ Yoast SEO plugin. -->","yoast_head_json":{"title":"Pol\u00edtica de privacidad - Publicitat Fermalli Maresme","robots":{"index":"index","follow":"follow","max-snippet":"max-snippet:-1","max-image-preview":"max-image-preview:large","max-video-preview":"max-video-preview:-1"},"canonical":"https:\/\/fermalli.com\/es\/politica-de-privacitat\/","og_locale":"es_ES","og_type":"article","og_title":"Pol\u00edtica de privacidad - Publicitat Fermalli Maresme","og_description":"Pol\u00edtica de privacitat 1 INFORMACI\u00d3 PER A L\u2019USUARI Qui \u00e9s el responsable del tractament de les teves dades personals? PUBLICITAT FERMALLI MARESME, S.L. \u00e9s el RESPONSABLE del tractament de les dades personals de l\u2019USUARI i l\u2019informa que aquestes dades es tractaran de conformitat amb el que estableix el Reglament (UE) 2016\/679, de 27 d\u2019abril (GDPR), [&hellip;]","og_url":"https:\/\/fermalli.com\/es\/politica-de-privacitat\/","og_site_name":"Publicitat Fermalli Maresme","article_modified_time":"2023-07-07T09:17:08+00:00","twitter_card":"summary_large_image","twitter_misc":{"Tiempo de lectura":"4 minutos"},"schema":{"@context":"https:\/\/schema.org","@graph":[{"@type":"WebPage","@id":"https:\/\/fermalli.com\/es\/politica-de-privacitat\/","url":"https:\/\/fermalli.com\/es\/politica-de-privacitat\/","name":"Pol\u00edtica de privacidad - Publicitat Fermalli Maresme","isPartOf":{"@id":"https:\/\/fermalli.com\/es\/#website"},"datePublished":"2023-07-03T11:09:26+00:00","dateModified":"2023-07-07T09:17:08+00:00","breadcrumb":{"@id":"https:\/\/fermalli.com\/es\/politica-de-privacitat\/#breadcrumb"},"inLanguage":"es","potentialAction":[{"@type":"ReadAction","target":["https:\/\/fermalli.com\/es\/politica-de-privacitat\/"]}]},{"@type":"BreadcrumbList","@id":"https:\/\/fermalli.com\/es\/politica-de-privacitat\/#breadcrumb","itemListElement":[{"@type":"ListItem","position":1,"name":"Portada","item":"https:\/\/fermalli.com\/es\/"},{"@type":"ListItem","position":2,"name":"Pol\u00edtica de privacidad"}]},{"@type":"WebSite","@id":"https:\/\/fermalli.com\/es\/#website","url":"https:\/\/fermalli.com\/es\/","name":"Publicitat Fermalli Maresme","description":"","publisher":{"@id":"https:\/\/fermalli.com\/es\/#organization"},"potentialAction":[{"@type":"SearchAction","target":{"@type":"EntryPoint","urlTemplate":"https:\/\/fermalli.com\/es\/?s={search_term_string}"},"query-input":"required name=search_term_string"}],"inLanguage":"es"},{"@type":"Organization","@id":"https:\/\/fermalli.com\/es\/#organization","name":"Publicitat Fermalli Maresme","url":"https:\/\/fermalli.com\/es\/","logo":{"@type":"ImageObject","inLanguage":"es","@id":"https:\/\/fermalli.com\/es\/#\/schema\/logo\/image\/","url":"https:\/\/fermalli.com\/wp-content\/uploads\/2023\/07\/logo_ne.png","contentUrl":"https:\/\/fermalli.com\/wp-content\/uploads\/2023\/07\/logo_ne.png","width":200,"height":109,"caption":"Publicitat Fermalli Maresme"},"image":{"@id":"https:\/\/fermalli.com\/es\/#\/schema\/logo\/image\/"}}]}},"_links":{"self":[{"href":"https:\/\/fermalli.com\/es\/wp-json\/wp\/v2\/pages\/6347"}],"collection":[{"href":"https:\/\/fermalli.com\/es\/wp-json\/wp\/v2\/pages"}],"about":[{"href":"https:\/\/fermalli.com\/es\/wp-json\/wp\/v2\/types\/page"}],"author":[{"embeddable":true,"href":"https:\/\/fermalli.com\/es\/wp-json\/wp\/v2\/users\/1"}],"replies":[{"embeddable":true,"href":"https:\/\/fermalli.com\/es\/wp-json\/wp\/v2\/comments?post=6347"}],"version-history":[{"count":3,"href":"https:\/\/fermalli.com\/es\/wp-json\/wp\/v2\/pages\/6347\/revisions"}],"predecessor-version":[{"id":6352,"href":"https:\/\/fermalli.com\/es\/wp-json\/wp\/v2\/pages\/6347\/revisions\/6352"}],"wp:attachment":[{"href":"https:\/\/fermalli.com\/es\/wp-json\/wp\/v2\/media?parent=6347"}],"curies":[{"name":"wp","href":"https:\/\/api.w.org\/{rel}","templated":true}]}}