{"id":6345,"date":"2023-07-03T13:08:25","date_gmt":"2023-07-03T11:08:25","guid":{"rendered":"https:\/\/fermalli.com\/accesibilidad\/"},"modified":"2023-07-07T11:13:23","modified_gmt":"2023-07-07T09:13:23","slug":"accesibilidad","status":"publish","type":"page","link":"https:\/\/fermalli.com\/es\/accesibilidad\/","title":{"rendered":"Accesibilidad"},"content":{"rendered":"\t\t<div data-elementor-type=\"wp-page\" data-elementor-id=\"6345\" class=\"elementor elementor-6345 elementor-5610\">\n\t\t\t\t\t\t<section class=\"elementor-section elementor-top-section elementor-element elementor-element-c686834 elementor-section-full_width elementor-section-height-default elementor-section-height-default\" data-id=\"c686834\" data-element_type=\"section\">\n\t\t\t\t\t\t<div class=\"elementor-container elementor-column-gap-no\">\n\t\t\t\t\t<div class=\"elementor-column elementor-col-100 elementor-top-column elementor-element elementor-element-62c6c55\" data-id=\"62c6c55\" data-element_type=\"column\">\n\t\t\t<div class=\"elementor-widget-wrap elementor-element-populated\">\n\t\t\t\t\t\t<div class=\"elementor-element elementor-element-d1fd4ce elementor-widget elementor-widget-vlt-page-title\" data-id=\"d1fd4ce\" data-element_type=\"widget\" data-settings=\"{&quot;aos_animation_name&quot;:&quot;none&quot;}\" data-widget_type=\"vlt-page-title.default\">\n\t\t\t\t<div class=\"elementor-widget-container\">\n\t\t\t\n\t\t<div class=\"vlt-page-title vlt-page-title--d1fd4ce vlt-page-title--style-1\">\n\n\t\t\t<div class=\"container\"><h1 class=\"vlt-page-title__title\">Accessibilitat<\/h1><\/div>\n\t\t<\/div>\n\n\t\t<div id=\"d1fd4ce\"><\/div>\n\n\t\t\t\t<\/div>\n\t\t\t\t<\/div>\n\t\t\t\t\t<\/div>\n\t\t<\/div>\n\t\t\t\t\t<\/div>\n\t\t<\/section>\n\t\t\t\t<section class=\"elementor-section elementor-top-section elementor-element elementor-element-9e61d3e elementor-section-boxed elementor-section-height-default elementor-section-height-default\" data-id=\"9e61d3e\" data-element_type=\"section\">\n\t\t\t\t\t\t<div class=\"elementor-container elementor-column-gap-extended\">\n\t\t\t\t\t<div class=\"elementor-column elementor-col-100 elementor-top-column elementor-element elementor-element-83388cc\" data-id=\"83388cc\" data-element_type=\"column\">\n\t\t\t<div class=\"elementor-widget-wrap elementor-element-populated\">\n\t\t\t\t\t\t<div data-aos=\"custom\" data-aos-delay=\"200\" data-aos-once=\"true\" class=\"elementor-element elementor-element-142c033 elementor-widget elementor-widget-text-editor\" data-id=\"142c033\" data-element_type=\"widget\" data-settings=\"{&quot;aos_animation_name&quot;:&quot;custom&quot;}\" data-widget_type=\"text-editor.default\">\n\t\t\t\t<div class=\"elementor-widget-container\">\n\t\t\t\t\t\t\t<p>Queremos que todo el mundo que visite la web de Publicitat Fermalli se sienta bienvenido y encuentre la experiencia gratificante.<\/p>\n<p><strong>Que estamos haciendo?<\/strong><br \/>Para ayudarnos a hacer de la web de Publicitat Fermalli un lugar positivo para todo el mundo, hemos estado usando las Directrices de accesibilidad al contenido web (WCAG) 2.1. Estas directrices explican c\u00f3mo hacer que el contenido web sea m\u00e1s accesible para personas con discapacidad y f\u00e1cil de utilizar para todos.<\/p>\n<p>Las directrices tienen tres niveles de accessibilida (A, AA i AAA). Hemos escogido el nivel AA como objetivo de la web de Publicitat Fermalli.<\/p>\n<p><strong>C\u00f3mo lo hacemos?<\/strong><br \/>Hemos trabajado mucho la web de Publicitat Fermalli y creemos que hemos conseguido nuestro objetivo de accesibilidad de nivell AA. Supervisamos el sitio web peri\u00f3dicamente para mantenerlo, pero si encontr\u00e1is alg\u00fan problema, poneos en contacto.<\/p>\n<p><strong>H\u00e1ganos saber que le parece<\/strong><br \/>Si les ha gustado utilizar la web de Publicitat Fermalli, o si han tenido problemas con alguna parte de ella, p\u00f3ngase en contacto. Nos gustar\u00eda recibir noticias suyas de cualquiera de las formas siguientes:<\/p>\n<p>env\u00edenos un correo electr\u00f3nico a info@fermalli.com<br \/>ll\u00e1menos al 937578227<br \/>p\u00f3ngase en contacto en https:\/\/www.fermalli.com\/contactar<\/p>\n\t\t\t\t\t\t<\/div>\n\t\t\t\t<\/div>\n\t\t\t\t\t<\/div>\n\t\t<\/div>\n\t\t\t\t\t<\/div>\n\t\t<\/section>\n\t\t\t\t<\/div>\n\t\t","protected":false},"excerpt":{"rendered":"<p>Accessibilitat Queremos que todo el mundo que visite la web de Publicitat Fermalli se sienta bienvenido y encuentre la experiencia gratificante. Que estamos haciendo?Para ayudarnos a hacer de la web de Publicitat Fermalli un lugar positivo para todo el mundo, hemos estado usando las Directrices de accesibilidad al contenido web (WCAG) 2.1. Estas directrices explican [&hellip;]<\/p>\n","protected":false},"author":1,"featured_media":0,"parent":0,"menu_order":28,"comment_status":"closed","ping_status":"closed","template":"template-custom-page.php","meta":{"footnotes":"","_vp_format_video_url":"","_vp_image_focal_point":[]},"acf":[],"yoast_head":"<!-- This site is optimized with the Yoast SEO plugin v20.10 - https:\/\/yoast.com\/wordpress\/plugins\/seo\/ -->\n<title>Accesibilidad - Publicitat Fermalli Maresme<\/title>\n<meta name=\"robots\" content=\"index, follow, max-snippet:-1, max-image-preview:large, max-video-preview:-1\" \/>\n<link rel=\"canonical\" href=\"https:\/\/fermalli.com\/es\/accesibilidad\/\" \/>\n<meta property=\"og:locale\" content=\"es_ES\" \/>\n<meta property=\"og:type\" content=\"article\" \/>\n<meta property=\"og:title\" content=\"Accesibilidad - Publicitat Fermalli Maresme\" \/>\n<meta property=\"og:description\" content=\"Accessibilitat Queremos que todo el mundo que visite la web de Publicitat Fermalli se sienta bienvenido y encuentre la experiencia gratificante. Que estamos haciendo?Para ayudarnos a hacer de la web de Publicitat Fermalli un lugar positivo para todo el mundo, hemos estado usando las Directrices de accesibilidad al contenido web (WCAG) 2.1. Estas directrices explican [&hellip;]\" \/>\n<meta property=\"og:url\" content=\"https:\/\/fermalli.com\/es\/accesibilidad\/\" \/>\n<meta property=\"og:site_name\" content=\"Publicitat Fermalli Maresme\" \/>\n<meta property=\"article:modified_time\" content=\"2023-07-07T09:13:23+00:00\" \/>\n<meta name=\"twitter:card\" content=\"summary_large_image\" \/>\n<meta name=\"twitter:label1\" content=\"Tiempo de lectura\" \/>\n\t<meta name=\"twitter:data1\" content=\"1 minuto\" \/>\n<script type=\"application\/ld+json\" class=\"yoast-schema-graph\">{\"@context\":\"https:\/\/schema.org\",\"@graph\":[{\"@type\":\"WebPage\",\"@id\":\"https:\/\/fermalli.com\/es\/accesibilidad\/\",\"url\":\"https:\/\/fermalli.com\/es\/accesibilidad\/\",\"name\":\"Accesibilidad - Publicitat Fermalli Maresme\",\"isPartOf\":{\"@id\":\"https:\/\/fermalli.com\/es\/#website\"},\"datePublished\":\"2023-07-03T11:08:25+00:00\",\"dateModified\":\"2023-07-07T09:13:23+00:00\",\"breadcrumb\":{\"@id\":\"https:\/\/fermalli.com\/es\/accesibilidad\/#breadcrumb\"},\"inLanguage\":\"es\",\"potentialAction\":[{\"@type\":\"ReadAction\",\"target\":[\"https:\/\/fermalli.com\/es\/accesibilidad\/\"]}]},{\"@type\":\"BreadcrumbList\",\"@id\":\"https:\/\/fermalli.com\/es\/accesibilidad\/#breadcrumb\",\"itemListElement\":[{\"@type\":\"ListItem\",\"position\":1,\"name\":\"Portada\",\"item\":\"https:\/\/fermalli.com\/es\/\"},{\"@type\":\"ListItem\",\"position\":2,\"name\":\"Accesibilidad\"}]},{\"@type\":\"WebSite\",\"@id\":\"https:\/\/fermalli.com\/es\/#website\",\"url\":\"https:\/\/fermalli.com\/es\/\",\"name\":\"Publicitat Fermalli Maresme\",\"description\":\"\",\"publisher\":{\"@id\":\"https:\/\/fermalli.com\/es\/#organization\"},\"potentialAction\":[{\"@type\":\"SearchAction\",\"target\":{\"@type\":\"EntryPoint\",\"urlTemplate\":\"https:\/\/fermalli.com\/es\/?s={search_term_string}\"},\"query-input\":\"required name=search_term_string\"}],\"inLanguage\":\"es\"},{\"@type\":\"Organization\",\"@id\":\"https:\/\/fermalli.com\/es\/#organization\",\"name\":\"Publicitat Fermalli Maresme\",\"url\":\"https:\/\/fermalli.com\/es\/\",\"logo\":{\"@type\":\"ImageObject\",\"inLanguage\":\"es\",\"@id\":\"https:\/\/fermalli.com\/es\/#\/schema\/logo\/image\/\",\"url\":\"https:\/\/fermalli.com\/wp-content\/uploads\/2023\/07\/logo_ne.png\",\"contentUrl\":\"https:\/\/fermalli.com\/wp-content\/uploads\/2023\/07\/logo_ne.png\",\"width\":200,\"height\":109,\"caption\":\"Publicitat Fermalli Maresme\"},\"image\":{\"@id\":\"https:\/\/fermalli.com\/es\/#\/schema\/logo\/image\/\"}}]}<\/script>\n<!-- \/ Yoast SEO plugin. -->","yoast_head_json":{"title":"Accesibilidad - Publicitat Fermalli Maresme","robots":{"index":"index","follow":"follow","max-snippet":"max-snippet:-1","max-image-preview":"max-image-preview:large","max-video-preview":"max-video-preview:-1"},"canonical":"https:\/\/fermalli.com\/es\/accesibilidad\/","og_locale":"es_ES","og_type":"article","og_title":"Accesibilidad - Publicitat Fermalli Maresme","og_description":"Accessibilitat Queremos que todo el mundo que visite la web de Publicitat Fermalli se sienta bienvenido y encuentre la experiencia gratificante. Que estamos haciendo?Para ayudarnos a hacer de la web de Publicitat Fermalli un lugar positivo para todo el mundo, hemos estado usando las Directrices de accesibilidad al contenido web (WCAG) 2.1. Estas directrices explican [&hellip;]","og_url":"https:\/\/fermalli.com\/es\/accesibilidad\/","og_site_name":"Publicitat Fermalli Maresme","article_modified_time":"2023-07-07T09:13:23+00:00","twitter_card":"summary_large_image","twitter_misc":{"Tiempo de lectura":"1 minuto"},"schema":{"@context":"https:\/\/schema.org","@graph":[{"@type":"WebPage","@id":"https:\/\/fermalli.com\/es\/accesibilidad\/","url":"https:\/\/fermalli.com\/es\/accesibilidad\/","name":"Accesibilidad - Publicitat Fermalli Maresme","isPartOf":{"@id":"https:\/\/fermalli.com\/es\/#website"},"datePublished":"2023-07-03T11:08:25+00:00","dateModified":"2023-07-07T09:13:23+00:00","breadcrumb":{"@id":"https:\/\/fermalli.com\/es\/accesibilidad\/#breadcrumb"},"inLanguage":"es","potentialAction":[{"@type":"ReadAction","target":["https:\/\/fermalli.com\/es\/accesibilidad\/"]}]},{"@type":"BreadcrumbList","@id":"https:\/\/fermalli.com\/es\/accesibilidad\/#breadcrumb","itemListElement":[{"@type":"ListItem","position":1,"name":"Portada","item":"https:\/\/fermalli.com\/es\/"},{"@type":"ListItem","position":2,"name":"Accesibilidad"}]},{"@type":"WebSite","@id":"https:\/\/fermalli.com\/es\/#website","url":"https:\/\/fermalli.com\/es\/","name":"Publicitat Fermalli Maresme","description":"","publisher":{"@id":"https:\/\/fermalli.com\/es\/#organization"},"potentialAction":[{"@type":"SearchAction","target":{"@type":"EntryPoint","urlTemplate":"https:\/\/fermalli.com\/es\/?s={search_term_string}"},"query-input":"required name=search_term_string"}],"inLanguage":"es"},{"@type":"Organization","@id":"https:\/\/fermalli.com\/es\/#organization","name":"Publicitat Fermalli Maresme","url":"https:\/\/fermalli.com\/es\/","logo":{"@type":"ImageObject","inLanguage":"es","@id":"https:\/\/fermalli.com\/es\/#\/schema\/logo\/image\/","url":"https:\/\/fermalli.com\/wp-content\/uploads\/2023\/07\/logo_ne.png","contentUrl":"https:\/\/fermalli.com\/wp-content\/uploads\/2023\/07\/logo_ne.png","width":200,"height":109,"caption":"Publicitat Fermalli Maresme"},"image":{"@id":"https:\/\/fermalli.com\/es\/#\/schema\/logo\/image\/"}}]}},"_links":{"self":[{"href":"https:\/\/fermalli.com\/es\/wp-json\/wp\/v2\/pages\/6345"}],"collection":[{"href":"https:\/\/fermalli.com\/es\/wp-json\/wp\/v2\/pages"}],"about":[{"href":"https:\/\/fermalli.com\/es\/wp-json\/wp\/v2\/types\/page"}],"author":[{"embeddable":true,"href":"https:\/\/fermalli.com\/es\/wp-json\/wp\/v2\/users\/1"}],"replies":[{"embeddable":true,"href":"https:\/\/fermalli.com\/es\/wp-json\/wp\/v2\/comments?post=6345"}],"version-history":[{"count":1,"href":"https:\/\/fermalli.com\/es\/wp-json\/wp\/v2\/pages\/6345\/revisions"}],"predecessor-version":[{"id":6346,"href":"https:\/\/fermalli.com\/es\/wp-json\/wp\/v2\/pages\/6345\/revisions\/6346"}],"wp:attachment":[{"href":"https:\/\/fermalli.com\/es\/wp-json\/wp\/v2\/media?parent=6345"}],"curies":[{"name":"wp","href":"https:\/\/api.w.org\/{rel}","templated":true}]}}