{"id":6343,"date":"2020-04-11T09:30:43","date_gmt":"2020-04-11T07:30:43","guid":{"rendered":"https:\/\/fermalli.com\/contactar\/"},"modified":"2023-07-07T11:47:29","modified_gmt":"2023-07-07T09:47:29","slug":"contactar","status":"publish","type":"page","link":"https:\/\/fermalli.com\/es\/contactar\/","title":{"rendered":"Contactar"},"content":{"rendered":"\t\t<div data-elementor-type=\"wp-page\" data-elementor-id=\"6343\" class=\"elementor elementor-6343 elementor-897\">\n\t\t\t\t\t\t<section class=\"elementor-section elementor-top-section elementor-element elementor-element-6ab2a2a elementor-section-boxed elementor-section-height-default elementor-section-height-default\" data-id=\"6ab2a2a\" data-element_type=\"section\" data-settings=\"{&quot;background_background&quot;:&quot;classic&quot;}\">\n\t\t\t\t\t\t<div class=\"elementor-container elementor-column-gap-extended\">\n\t\t\t\t\t<div class=\"elementor-column elementor-col-50 elementor-top-column elementor-element elementor-element-e86302f\" data-id=\"e86302f\" data-element_type=\"column\">\n\t\t\t<div class=\"elementor-widget-wrap elementor-element-populated\">\n\t\t\t\t\t\t<div data-aos=\"custom\" data-aos-once=\"true\" class=\"elementor-element elementor-element-ec52e6d elementor-widget__width-initial elementor-widget elementor-widget-vlt-section-title\" data-id=\"ec52e6d\" data-element_type=\"widget\" data-settings=\"{&quot;aos_animation_name&quot;:&quot;custom&quot;}\" data-widget_type=\"vlt-section-title.default\">\n\t\t\t\t<div class=\"elementor-widget-container\">\n\t\t\t\n\t\t<div class=\"vlt-section-title\">\n\n\t\t\t\n\t\t\t\n\t\t\t\t<h2 class=\"vlt-section-title__heading\">\n\n\t\t\t\t\t\n\t\t\t\t\tContacto\n\t\t\t\t\t\n\t\t\t\t<\/h2>\n\n\t\t\t\n\t\t\t\n\t\t<\/div>\n\n\t\t\t<\/div>\n\t\t\t\t<\/div>\n\t\t\t\t<div class=\"elementor-element elementor-element-1760342 elementor-widget elementor-widget-spacer\" data-id=\"1760342\" data-element_type=\"widget\" data-settings=\"{&quot;aos_animation_name&quot;:&quot;none&quot;}\" data-widget_type=\"spacer.default\">\n\t\t\t\t<div class=\"elementor-widget-container\">\n\t\t\t\t\t<div class=\"elementor-spacer\">\n\t\t\t<div class=\"elementor-spacer-inner\"><\/div>\n\t\t<\/div>\n\t\t\t\t<\/div>\n\t\t\t\t<\/div>\n\t\t\t\t<div data-aos=\"custom\" data-aos-delay=\"100\" data-aos-once=\"true\" class=\"elementor-element elementor-element-13e4a5d elementor-widget elementor-widget-vlt-heading\" data-id=\"13e4a5d\" data-element_type=\"widget\" data-settings=\"{&quot;aos_animation_name&quot;:&quot;custom&quot;}\" data-widget_type=\"vlt-heading.default\">\n\t\t\t\t<div class=\"elementor-widget-container\">\n\t\t\t\n\t\t<h6 class=\"vlt-heading\">\n\n\t\t\t\n\t\t\t\t\t\t\tDirecci\u00f3n\t\t\t\n\t\t\t\n\t\t<\/h6>\n\n\t\t\t<\/div>\n\t\t\t\t<\/div>\n\t\t\t\t<div data-aos=\"custom\" data-aos-delay=\"100\" data-aos-once=\"true\" class=\"elementor-element elementor-element-fed0f3f elementor-widget__width-initial elementor-widget elementor-widget-text-editor\" data-id=\"fed0f3f\" data-element_type=\"widget\" data-settings=\"{&quot;aos_animation_name&quot;:&quot;custom&quot;}\" data-widget_type=\"text-editor.default\">\n\t\t\t\t<div class=\"elementor-widget-container\">\n\t\t\t\t\t\t\t<p class=\"m-0\">Muralla Sant Lloren\u00e7, 2, 08302 Matar\u00f3<\/p>\n\t\t\t\t\t\t<\/div>\n\t\t\t\t<\/div>\n\t\t\t\t<div class=\"elementor-element elementor-element-fff3342 elementor-widget elementor-widget-spacer\" data-id=\"fff3342\" data-element_type=\"widget\" data-settings=\"{&quot;aos_animation_name&quot;:&quot;none&quot;}\" data-widget_type=\"spacer.default\">\n\t\t\t\t<div class=\"elementor-widget-container\">\n\t\t\t\t\t<div class=\"elementor-spacer\">\n\t\t\t<div class=\"elementor-spacer-inner\"><\/div>\n\t\t<\/div>\n\t\t\t\t<\/div>\n\t\t\t\t<\/div>\n\t\t\t\t<div data-aos=\"custom\" data-aos-delay=\"200\" data-aos-once=\"true\" class=\"elementor-element elementor-element-5ed9ebe elementor-widget elementor-widget-vlt-heading\" data-id=\"5ed9ebe\" data-element_type=\"widget\" data-settings=\"{&quot;aos_animation_name&quot;:&quot;custom&quot;}\" data-widget_type=\"vlt-heading.default\">\n\t\t\t\t<div class=\"elementor-widget-container\">\n\t\t\t\n\t\t<h6 class=\"vlt-heading\">\n\n\t\t\t\n\t\t\t\t\t\t\tTel\u00e9fono\t\t\t\n\t\t\t\n\t\t<\/h6>\n\n\t\t\t<\/div>\n\t\t\t\t<\/div>\n\t\t\t\t<div data-aos=\"custom\" data-aos-delay=\"200\" data-aos-once=\"true\" class=\"elementor-element elementor-element-fa5db35 elementor-widget elementor-widget-text-editor\" data-id=\"fa5db35\" data-element_type=\"widget\" data-settings=\"{&quot;aos_animation_name&quot;:&quot;custom&quot;}\" data-widget_type=\"text-editor.default\">\n\t\t\t\t<div class=\"elementor-widget-container\">\n\t\t\t\t\t\t\t<p><a class=\"vlt-underline-link\" href=\"tel:937901489\">93 790 14 89<\/a><\/p>\n\t\t\t\t\t\t<\/div>\n\t\t\t\t<\/div>\n\t\t\t\t<div class=\"elementor-element elementor-element-a9e19e1 elementor-widget elementor-widget-spacer\" data-id=\"a9e19e1\" data-element_type=\"widget\" data-settings=\"{&quot;aos_animation_name&quot;:&quot;none&quot;}\" data-widget_type=\"spacer.default\">\n\t\t\t\t<div class=\"elementor-widget-container\">\n\t\t\t\t\t<div class=\"elementor-spacer\">\n\t\t\t<div class=\"elementor-spacer-inner\"><\/div>\n\t\t<\/div>\n\t\t\t\t<\/div>\n\t\t\t\t<\/div>\n\t\t\t\t<div data-aos=\"custom\" data-aos-delay=\"300\" data-aos-once=\"true\" class=\"elementor-element elementor-element-4d2d403 elementor-widget elementor-widget-vlt-heading\" data-id=\"4d2d403\" data-element_type=\"widget\" data-settings=\"{&quot;aos_animation_name&quot;:&quot;custom&quot;}\" data-widget_type=\"vlt-heading.default\">\n\t\t\t\t<div class=\"elementor-widget-container\">\n\t\t\t\n\t\t<h6 class=\"vlt-heading\">\n\n\t\t\t\n\t\t\t\t\t\t\tCorreo\t\t\t\n\t\t\t\n\t\t<\/h6>\n\n\t\t\t<\/div>\n\t\t\t\t<\/div>\n\t\t\t\t<div data-aos=\"custom\" data-aos-delay=\"300\" data-aos-once=\"true\" class=\"elementor-element elementor-element-b9adc0b elementor-widget elementor-widget-text-editor\" data-id=\"b9adc0b\" data-element_type=\"widget\" data-settings=\"{&quot;aos_animation_name&quot;:&quot;custom&quot;}\" data-widget_type=\"text-editor.default\">\n\t\t\t\t<div class=\"elementor-widget-container\">\n\t\t\t\t\t\t\t<p><a class=\"vlt-underline-link\" href=\"mailto:info@fermalli.com\">info@fermalli.com<\/a><\/p>\n\t\t\t\t\t\t<\/div>\n\t\t\t\t<\/div>\n\t\t\t\t<div data-aos=\"custom\" data-aos-delay=\"400\" data-aos-once=\"true\" class=\"elementor-element elementor-element-0a025a6 elementor-widget elementor-widget-vlt-social-icons\" data-id=\"0a025a6\" data-element_type=\"widget\" data-settings=\"{&quot;aos_animation_name&quot;:&quot;custom&quot;}\" data-widget_type=\"vlt-social-icons.default\">\n\t\t\t\t<div class=\"elementor-widget-container\">\n\t\t\t<a class=\"vlt-social-icon vlt-social-icon--style-2\" href=\"https:\/\/www.instagram.com\/publicitatfermalli\/\"><i class=\"socicon-fw socicon-instagram\"><\/i><\/a><a class=\"vlt-social-icon vlt-social-icon--style-2\" href=\"mailto:info@fermalli.com\"><i class=\"socicon-fw socicon-mail\"><\/i><\/a>\t\t<\/div>\n\t\t\t\t<\/div>\n\t\t\t\t<div class=\"elementor-element elementor-element-879850e elementor-widget elementor-widget-spacer\" data-id=\"879850e\" data-element_type=\"widget\" data-settings=\"{&quot;aos_animation_name&quot;:&quot;none&quot;}\" data-widget_type=\"spacer.default\">\n\t\t\t\t<div class=\"elementor-widget-container\">\n\t\t\t\t\t<div class=\"elementor-spacer\">\n\t\t\t<div class=\"elementor-spacer-inner\"><\/div>\n\t\t<\/div>\n\t\t\t\t<\/div>\n\t\t\t\t<\/div>\n\t\t\t\t\t<\/div>\n\t\t<\/div>\n\t\t\t\t<div class=\"elementor-column elementor-col-50 elementor-top-column elementor-element elementor-element-b4d4e87\" data-id=\"b4d4e87\" data-element_type=\"column\">\n\t\t\t<div class=\"elementor-widget-wrap elementor-element-populated\">\n\t\t\t\t\t\t<div data-aos=\"custom\" data-aos-delay=\"500\" data-aos-once=\"true\" class=\"elementor-element elementor-element-9fe5164 elementor-widget elementor-widget-vlt-contact-form-7\" data-id=\"9fe5164\" data-element_type=\"widget\" data-settings=\"{&quot;aos_animation_name&quot;:&quot;custom&quot;}\" data-widget_type=\"vlt-contact-form-7.default\">\n\t\t\t\t<div class=\"elementor-widget-container\">\n\t\t\t\n\t\t<div class=\"vlt-contact-form-7\">\n\n\t\t\t\n<div class=\"wpcf7 no-js\" id=\"wpcf7-f6357-o1\" lang=\"es-ES\" dir=\"ltr\">\n<div class=\"screen-reader-response\"><p role=\"status\" aria-live=\"polite\" aria-atomic=\"true\"><\/p> <ul><\/ul><\/div>\n<form action=\"\/es\/wp-json\/wp\/v2\/pages\/6343#wpcf7-f6357-o1\" method=\"post\" class=\"wpcf7-form init\" aria-label=\"Formulario de contacto\" novalidate=\"novalidate\" data-status=\"init\">\n<div style=\"display: none;\">\n<input type=\"hidden\" name=\"_wpcf7\" value=\"6357\" \/>\n<input type=\"hidden\" name=\"_wpcf7_version\" value=\"5.7.7\" \/>\n<input type=\"hidden\" name=\"_wpcf7_locale\" value=\"es_ES\" \/>\n<input type=\"hidden\" name=\"_wpcf7_unit_tag\" value=\"wpcf7-f6357-o1\" \/>\n<input type=\"hidden\" name=\"_wpcf7_container_post\" value=\"0\" \/>\n<input type=\"hidden\" name=\"_wpcf7_posted_data_hash\" value=\"\" \/>\n<input type=\"hidden\" name=\"_wpcf7_recaptcha_response\" value=\"\" \/>\n<\/div>\n<div class=\"vlt-form-group\">\n  <span class=\"wpcf7-form-control-wrap\" data-name=\"your-name\"><input size=\"40\" class=\"wpcf7-form-control wpcf7-text wpcf7-validates-as-required vlt-form-control\" aria-required=\"true\" aria-invalid=\"false\" value=\"\" type=\"text\" name=\"your-name\" \/><\/span>\n  <label class=\"vlt-form-label\">Nombre*<\/label>\n<\/div>\n<div class=\"vlt-form-group\">\n  <span class=\"wpcf7-form-control-wrap\" data-name=\"your-email\"><input size=\"40\" class=\"wpcf7-form-control wpcf7-text wpcf7-email wpcf7-validates-as-required wpcf7-validates-as-email vlt-form-control\" aria-required=\"true\" aria-invalid=\"false\" value=\"\" type=\"email\" name=\"your-email\" \/><\/span>\n  <label class=\"vlt-form-label\">Email*<\/label>\n<\/div>\n<div class=\"vlt-form-group\">\n  <span class=\"wpcf7-form-control-wrap\" data-name=\"your-subject\"><input size=\"40\" class=\"wpcf7-form-control wpcf7-text wpcf7-validates-as-required vlt-form-control\" aria-required=\"true\" aria-invalid=\"false\" value=\"\" type=\"text\" name=\"your-subject\" \/><\/span>\n  <label class=\"vlt-form-label\">Asunto*<\/label>\n<\/div>\n<div class=\"vlt-form-group\">\n  <span class=\"wpcf7-form-control-wrap\" data-name=\"your-message\"><textarea cols=\"40\" rows=\"5\" class=\"wpcf7-form-control wpcf7-textarea vlt-form-control\" aria-invalid=\"false\" name=\"your-message\"><\/textarea><\/span>\n  <label class=\"vlt-form-label\">Mensaje<\/label>\n<\/div>\n<div class=\"vlt-form-group\">\n<span class=\"wpcf7-form-control-wrap\" data-name=\"acceptance-588\"><span class=\"wpcf7-form-control wpcf7-acceptance\"><span class=\"wpcf7-list-item\"><input type=\"checkbox\" name=\"acceptance-588\" value=\"1\" aria-invalid=\"false\" \/><\/span><\/span><\/span> He le\u00eddo y acepto la <a href=\"https:\/\/www.fermalli.com\/politica-de-privacitat\" target=\"_blank\">pol\u00edtica de privacidad.<\/a>\n<\/div>\n<div class=\"text-left\">\n  <div class=\"vlt-gap-40\"><\/div>\n  <button class=\"vlt-btn vlt-btn--primary vlt-btn--effect vlt-btn--lg\">Enviar<\/button>\n\n<\/div>\n<div class=\"legal_form\">\n<p><b>Responsable:<\/b> PUBLICITAT FERMALLI MARESME, S.L.<\/p>\n\n<p><b>Fi del tractament:<\/b> mantenir una relaci\u00f3 comercial amb l'Usuari. Les operacions previstes per realitzar el tractament s\u00f3n:\n  <\/p><ul>\n<li>Remissi\u00f3 de comunicacions comercials<\/li>\n<li>Realitzar estudis estad\u00edstics.<\/li>\n<li>Tramitar enc\u00e0rrecs de peticions o qualsevol tipus de petici\u00f3 que sigui realitzada per l'usuari.<\/li>\n<li>Remetre el butllet\u00ed de not\u00edcies de la p\u00e0gina web.<\/li>\n<\/ul>\n\n<p><b>Base jur\u00eddica del tractament:<\/b> consentiment de l'interessat.<\/p>\n<p><b>Criteris de conservaci\u00f3 de les dades:<\/b> es conservaran mentre hi hagi un inter\u00e8s mutu per mantenir la fi del tractament i quan ja no sigui necessari per a tal fi, es suprimiran amb mesures de seguretat adequades per garantir la pseudonimitzaci\u00f3 de les dades o la destrucci\u00f3 total de les mateixes.\n<\/p>\n<p><b>Comunicaci\u00f3 de les dades:<\/b> No es comunicaran les dades a tercers.<\/p>\n<p><b>Drets que assisteixen l'Usuari:<\/b>\n<ul>\n<li>Dret a retirar el consentiment en qualsevol moment, acc\u00e9s, rectificaci\u00f3, portabilitat i supressi\u00f3 de les seves dades i de la limitaci\u00f3 o oposici\u00f3 al seu tractament.<\/li>\n<li>Dret a presentar una reclamaci\u00f3 davant l'Autoritat de Control (www.aepd.es) si considera que el tractament no s'ajusta a la normativa vigent.<\/li>\n<\/ul>\n<p><b>Dades de contacte per exercir els seus drets:<\/b>\n<\/p><ul class=\"list-none\">\n<li>FERMALLI<\/li>\n<li>Muralla Sant Lloren\u00e7, 2<\/li>\n<li>08302 Matar\u00f3<\/li>\n<li>93 790 14 89<\/li>\n<li>info@fermalli.com<\/li>\n<\/ul>\n\n<\/div><div class=\"wpcf7-response-output\" aria-hidden=\"true\"><\/div>\n<\/form>\n<\/div>\n\n\t\t<\/div>\n\n\t\t\t\t<\/div>\n\t\t\t\t<\/div>\n\t\t\t\t\t<\/div>\n\t\t<\/div>\n\t\t\t\t\t<\/div>\n\t\t<\/section>\n\t\t\t\t<section class=\"elementor-section elementor-top-section elementor-element elementor-element-0be6c41 elementor-section-boxed elementor-section-height-default elementor-section-height-default\" data-id=\"0be6c41\" data-element_type=\"section\">\n\t\t\t\t\t\t<div class=\"elementor-container elementor-column-gap-extended\">\n\t\t\t\t\t<div class=\"elementor-column elementor-col-100 elementor-top-column elementor-element elementor-element-84243d0\" data-id=\"84243d0\" data-element_type=\"column\">\n\t\t\t<div class=\"elementor-widget-wrap elementor-element-populated\">\n\t\t\t\t\t\t<div class=\"elementor-element elementor-element-740cc69 elementor-widget elementor-widget-html\" data-id=\"740cc69\" data-element_type=\"widget\" data-settings=\"{&quot;aos_animation_name&quot;:&quot;none&quot;}\" data-widget_type=\"html.default\">\n\t\t\t\t<div class=\"elementor-widget-container\">\n\t\t\t<iframe src=\"https:\/\/www.google.com\/maps\/embed?pb=!1m18!1m12!1m3!1d1493.1940255671204!2d2.4430760916463847!3d41.53919447377889!2m3!1f0!2f0!3f0!3m2!1i1024!2i768!4f13.1!3m3!1m2!1s0x12a4b5219f19f1d5%3A0xab7f56b28fb3d3f!2sPublicidad%20Fermalli%20Maresme%20S.%20A.!5e0!3m2!1ses!2ses!4v1688377149319!5m2!1ses!2ses\" width=\"100%\" height=\"600\" style=\"border:0;\" allowfullscreen=\"\" loading=\"lazy\" referrerpolicy=\"no-referrer-when-downgrade\"><\/iframe>\t\t<\/div>\n\t\t\t\t<\/div>\n\t\t\t\t\t<\/div>\n\t\t<\/div>\n\t\t\t\t\t<\/div>\n\t\t<\/section>\n\t\t\t\t<\/div>\n\t\t","protected":false},"excerpt":{"rendered":"<p>Contacto Direcci\u00f3n Muralla Sant Lloren\u00e7, 2, 08302 Matar\u00f3 Tel\u00e9fono 93 790 14 89 Correo info@fermalli.com Nom* Email* Assumpte* Missatge He llegit i accepto la pol\u00edtica de privacitat. Enviar Responsable: PUBLICITAT FERMALLI MARESME, S.L. Fi del tractament: mantenir una relaci\u00f3 comercial amb l&#8217;Usuari. Les operacions previstes per realitzar el tractament s\u00f3n: Remissi\u00f3 de comunicacions comercials Realitzar [&hellip;]<\/p>\n","protected":false},"author":1,"featured_media":0,"parent":0,"menu_order":42,"comment_status":"closed","ping_status":"closed","template":"template-custom-page.php","meta":{"footnotes":"","_vp_format_video_url":"","_vp_image_focal_point":[]},"acf":[],"yoast_head":"<!-- This site is optimized with the Yoast SEO plugin v20.10 - https:\/\/yoast.com\/wordpress\/plugins\/seo\/ -->\n<title>Contactar - Publicitat Fermalli Maresme<\/title>\n<meta name=\"robots\" content=\"index, follow, max-snippet:-1, max-image-preview:large, max-video-preview:-1\" \/>\n<link rel=\"canonical\" href=\"https:\/\/fermalli.com\/es\/contactar\/\" \/>\n<meta property=\"og:locale\" content=\"es_ES\" \/>\n<meta property=\"og:type\" content=\"article\" \/>\n<meta property=\"og:title\" content=\"Contactar - Publicitat Fermalli Maresme\" \/>\n<meta property=\"og:description\" content=\"Contacto Direcci\u00f3n Muralla Sant Lloren\u00e7, 2, 08302 Matar\u00f3 Tel\u00e9fono 93 790 14 89 Correo info@fermalli.com Nom* Email* Assumpte* Missatge He llegit i accepto la pol\u00edtica de privacitat. Enviar Responsable: PUBLICITAT FERMALLI MARESME, S.L. Fi del tractament: mantenir una relaci\u00f3 comercial amb l&#8217;Usuari. Les operacions previstes per realitzar el tractament s\u00f3n: Remissi\u00f3 de comunicacions comercials Realitzar [&hellip;]\" \/>\n<meta property=\"og:url\" content=\"https:\/\/fermalli.com\/es\/contactar\/\" \/>\n<meta property=\"og:site_name\" content=\"Publicitat Fermalli Maresme\" \/>\n<meta property=\"article:modified_time\" content=\"2023-07-07T09:47:29+00:00\" \/>\n<meta name=\"twitter:card\" content=\"summary_large_image\" \/>\n<meta name=\"twitter:label1\" content=\"Tiempo de lectura\" \/>\n\t<meta name=\"twitter:data1\" content=\"2 minutos\" \/>\n<script type=\"application\/ld+json\" class=\"yoast-schema-graph\">{\"@context\":\"https:\/\/schema.org\",\"@graph\":[{\"@type\":\"WebPage\",\"@id\":\"https:\/\/fermalli.com\/es\/contactar\/\",\"url\":\"https:\/\/fermalli.com\/es\/contactar\/\",\"name\":\"Contactar - Publicitat Fermalli Maresme\",\"isPartOf\":{\"@id\":\"https:\/\/fermalli.com\/es\/#website\"},\"datePublished\":\"2020-04-11T07:30:43+00:00\",\"dateModified\":\"2023-07-07T09:47:29+00:00\",\"breadcrumb\":{\"@id\":\"https:\/\/fermalli.com\/es\/contactar\/#breadcrumb\"},\"inLanguage\":\"es\",\"potentialAction\":[{\"@type\":\"ReadAction\",\"target\":[\"https:\/\/fermalli.com\/es\/contactar\/\"]}]},{\"@type\":\"BreadcrumbList\",\"@id\":\"https:\/\/fermalli.com\/es\/contactar\/#breadcrumb\",\"itemListElement\":[{\"@type\":\"ListItem\",\"position\":1,\"name\":\"Portada\",\"item\":\"https:\/\/fermalli.com\/es\/\"},{\"@type\":\"ListItem\",\"position\":2,\"name\":\"Contactar\"}]},{\"@type\":\"WebSite\",\"@id\":\"https:\/\/fermalli.com\/es\/#website\",\"url\":\"https:\/\/fermalli.com\/es\/\",\"name\":\"Publicitat Fermalli Maresme\",\"description\":\"\",\"publisher\":{\"@id\":\"https:\/\/fermalli.com\/es\/#organization\"},\"potentialAction\":[{\"@type\":\"SearchAction\",\"target\":{\"@type\":\"EntryPoint\",\"urlTemplate\":\"https:\/\/fermalli.com\/es\/?s={search_term_string}\"},\"query-input\":\"required name=search_term_string\"}],\"inLanguage\":\"es\"},{\"@type\":\"Organization\",\"@id\":\"https:\/\/fermalli.com\/es\/#organization\",\"name\":\"Publicitat Fermalli Maresme\",\"url\":\"https:\/\/fermalli.com\/es\/\",\"logo\":{\"@type\":\"ImageObject\",\"inLanguage\":\"es\",\"@id\":\"https:\/\/fermalli.com\/es\/#\/schema\/logo\/image\/\",\"url\":\"https:\/\/fermalli.com\/wp-content\/uploads\/2023\/07\/logo_ne.png\",\"contentUrl\":\"https:\/\/fermalli.com\/wp-content\/uploads\/2023\/07\/logo_ne.png\",\"width\":200,\"height\":109,\"caption\":\"Publicitat Fermalli Maresme\"},\"image\":{\"@id\":\"https:\/\/fermalli.com\/es\/#\/schema\/logo\/image\/\"}}]}<\/script>\n<!-- \/ Yoast SEO plugin. -->","yoast_head_json":{"title":"Contactar - Publicitat Fermalli Maresme","robots":{"index":"index","follow":"follow","max-snippet":"max-snippet:-1","max-image-preview":"max-image-preview:large","max-video-preview":"max-video-preview:-1"},"canonical":"https:\/\/fermalli.com\/es\/contactar\/","og_locale":"es_ES","og_type":"article","og_title":"Contactar - Publicitat Fermalli Maresme","og_description":"Contacto Direcci\u00f3n Muralla Sant Lloren\u00e7, 2, 08302 Matar\u00f3 Tel\u00e9fono 93 790 14 89 Correo info@fermalli.com Nom* Email* Assumpte* Missatge He llegit i accepto la pol\u00edtica de privacitat. Enviar Responsable: PUBLICITAT FERMALLI MARESME, S.L. Fi del tractament: mantenir una relaci\u00f3 comercial amb l&#8217;Usuari. Les operacions previstes per realitzar el tractament s\u00f3n: Remissi\u00f3 de comunicacions comercials Realitzar [&hellip;]","og_url":"https:\/\/fermalli.com\/es\/contactar\/","og_site_name":"Publicitat Fermalli Maresme","article_modified_time":"2023-07-07T09:47:29+00:00","twitter_card":"summary_large_image","twitter_misc":{"Tiempo de lectura":"2 minutos"},"schema":{"@context":"https:\/\/schema.org","@graph":[{"@type":"WebPage","@id":"https:\/\/fermalli.com\/es\/contactar\/","url":"https:\/\/fermalli.com\/es\/contactar\/","name":"Contactar - Publicitat Fermalli Maresme","isPartOf":{"@id":"https:\/\/fermalli.com\/es\/#website"},"datePublished":"2020-04-11T07:30:43+00:00","dateModified":"2023-07-07T09:47:29+00:00","breadcrumb":{"@id":"https:\/\/fermalli.com\/es\/contactar\/#breadcrumb"},"inLanguage":"es","potentialAction":[{"@type":"ReadAction","target":["https:\/\/fermalli.com\/es\/contactar\/"]}]},{"@type":"BreadcrumbList","@id":"https:\/\/fermalli.com\/es\/contactar\/#breadcrumb","itemListElement":[{"@type":"ListItem","position":1,"name":"Portada","item":"https:\/\/fermalli.com\/es\/"},{"@type":"ListItem","position":2,"name":"Contactar"}]},{"@type":"WebSite","@id":"https:\/\/fermalli.com\/es\/#website","url":"https:\/\/fermalli.com\/es\/","name":"Publicitat Fermalli Maresme","description":"","publisher":{"@id":"https:\/\/fermalli.com\/es\/#organization"},"potentialAction":[{"@type":"SearchAction","target":{"@type":"EntryPoint","urlTemplate":"https:\/\/fermalli.com\/es\/?s={search_term_string}"},"query-input":"required name=search_term_string"}],"inLanguage":"es"},{"@type":"Organization","@id":"https:\/\/fermalli.com\/es\/#organization","name":"Publicitat Fermalli Maresme","url":"https:\/\/fermalli.com\/es\/","logo":{"@type":"ImageObject","inLanguage":"es","@id":"https:\/\/fermalli.com\/es\/#\/schema\/logo\/image\/","url":"https:\/\/fermalli.com\/wp-content\/uploads\/2023\/07\/logo_ne.png","contentUrl":"https:\/\/fermalli.com\/wp-content\/uploads\/2023\/07\/logo_ne.png","width":200,"height":109,"caption":"Publicitat Fermalli Maresme"},"image":{"@id":"https:\/\/fermalli.com\/es\/#\/schema\/logo\/image\/"}}]}},"_links":{"self":[{"href":"https:\/\/fermalli.com\/es\/wp-json\/wp\/v2\/pages\/6343"}],"collection":[{"href":"https:\/\/fermalli.com\/es\/wp-json\/wp\/v2\/pages"}],"about":[{"href":"https:\/\/fermalli.com\/es\/wp-json\/wp\/v2\/types\/page"}],"author":[{"embeddable":true,"href":"https:\/\/fermalli.com\/es\/wp-json\/wp\/v2\/users\/1"}],"replies":[{"embeddable":true,"href":"https:\/\/fermalli.com\/es\/wp-json\/wp\/v2\/comments?post=6343"}],"version-history":[{"count":4,"href":"https:\/\/fermalli.com\/es\/wp-json\/wp\/v2\/pages\/6343\/revisions"}],"predecessor-version":[{"id":6360,"href":"https:\/\/fermalli.com\/es\/wp-json\/wp\/v2\/pages\/6343\/revisions\/6360"}],"wp:attachment":[{"href":"https:\/\/fermalli.com\/es\/wp-json\/wp\/v2\/media?parent=6343"}],"curies":[{"name":"wp","href":"https:\/\/api.w.org\/{rel}","templated":true}]}}