{"id":6305,"date":"2020-04-11T09:37:26","date_gmt":"2020-04-11T07:37:26","guid":{"rendered":"https:\/\/fermalli.com\/publicidad-en-autobuses\/"},"modified":"2023-07-07T14:09:50","modified_gmt":"2023-07-07T12:09:50","slug":"publicidad-en-autobuses","status":"publish","type":"page","link":"https:\/\/fermalli.com\/es\/servicios\/publicidad-en-autobuses\/","title":{"rendered":"Publicidad en autobuses"},"content":{"rendered":"\t\t<div data-elementor-type=\"wp-page\" data-elementor-id=\"6305\" class=\"elementor elementor-6305 elementor-928\">\n\t\t\t\t\t\t<section class=\"elementor-section elementor-top-section elementor-element elementor-element-7be32a3 elementor-reverse-tablet elementor-reverse-mobile elementor-section-boxed elementor-section-height-default elementor-section-height-default\" data-id=\"7be32a3\" data-element_type=\"section\">\n\t\t\t\t\t\t<div class=\"elementor-container elementor-column-gap-extended\">\n\t\t\t\t\t<div class=\"elementor-column elementor-col-33 elementor-top-column elementor-element elementor-element-f85fd1e\" data-id=\"f85fd1e\" data-element_type=\"column\">\n\t\t\t<div class=\"elementor-widget-wrap elementor-element-populated\">\n\t\t\t\t\t\t<div class=\"elementor-element elementor-element-a1abae4 elementor-widget elementor-widget-vlt-simple-image\" data-id=\"a1abae4\" data-element_type=\"widget\" data-settings=\"{&quot;aos_animation_name&quot;:&quot;none&quot;}\" data-widget_type=\"vlt-simple-image.default\">\n\t\t\t\t<div class=\"elementor-widget-container\">\n\t\t\t\n\t\t<div class=\"vlt-simple-image\">\n\n\t\t\t\n\t\t\t\t<a class=\"vlt-simple-image__link\" href=\"https:\/\/fermalli.com\/wp-content\/uploads\/2023\/07\/bus.jpg\" data-fancybox=\"mug\" data-caption=\"\"><i class=\"ri-add-fill\"><\/i><\/a>\n\n\t\t\t\n\t\t\t\n\t\t\t\t<div class=\"vlt-simple-image__mask\" data-aos=\"image-mask-animation\" data-aos-delay=\"\"><div class=\"inside\"><\/div><\/div>\n\n\t\t\t\n\t\t\t\n\t\t\t\t<img loading=\"lazy\" width=\"570\" height=\"530\" src=\"https:\/\/fermalli.com\/wp-content\/uploads\/2023\/07\/bus.jpg\" class=\"attachment-sixten-800x600 size-sixten-800x600\" alt=\"\" decoding=\"async\" loading=\"lazy\" srcset=\"https:\/\/fermalli.com\/wp-content\/uploads\/2023\/07\/bus.jpg 570w, https:\/\/fermalli.com\/wp-content\/uploads\/2023\/07\/bus-300x279.jpg 300w, https:\/\/fermalli.com\/wp-content\/uploads\/2023\/07\/bus-500x465.jpg 500w\" sizes=\"(max-width: 570px) 100vw, 570px\" \/>\n\t\t\t\n\t\t<\/div>\n\n\t\t\t\t<\/div>\n\t\t\t\t<\/div>\n\t\t\t\t<div class=\"elementor-element elementor-element-4f5fc22 elementor-widget elementor-widget-spacer\" data-id=\"4f5fc22\" data-element_type=\"widget\" data-settings=\"{&quot;aos_animation_name&quot;:&quot;none&quot;}\" data-widget_type=\"spacer.default\">\n\t\t\t\t<div class=\"elementor-widget-container\">\n\t\t\t\t\t<div class=\"elementor-spacer\">\n\t\t\t<div class=\"elementor-spacer-inner\"><\/div>\n\t\t<\/div>\n\t\t\t\t<\/div>\n\t\t\t\t<\/div>\n\t\t\t\t<div class=\"elementor-element elementor-element-cbc7664 elementor-widget elementor-widget-vlt-simple-image\" data-id=\"cbc7664\" data-element_type=\"widget\" data-settings=\"{&quot;aos_animation_name&quot;:&quot;none&quot;}\" data-widget_type=\"vlt-simple-image.default\">\n\t\t\t\t<div class=\"elementor-widget-container\">\n\t\t\t\n\t\t<div class=\"vlt-simple-image\">\n\n\t\t\t\n\t\t\t\t<a class=\"vlt-simple-image__link\" href=\"https:\/\/fermalli.com\/wp-content\/uploads\/2023\/07\/bus-1.jpg\" data-fancybox=\"mug\" data-caption=\"\"><i class=\"ri-add-fill\"><\/i><\/a>\n\n\t\t\t\n\t\t\t\n\t\t\t\t<div class=\"vlt-simple-image__mask\" data-aos=\"image-mask-animation\" data-aos-delay=\"\"><div class=\"inside\"><\/div><\/div>\n\n\t\t\t\n\t\t\t\n\t\t\t\t<img loading=\"lazy\" width=\"570\" height=\"530\" src=\"https:\/\/fermalli.com\/wp-content\/uploads\/2023\/07\/bus-1.jpg\" class=\"attachment-sixten-800x600 size-sixten-800x600\" alt=\"\" decoding=\"async\" loading=\"lazy\" srcset=\"https:\/\/fermalli.com\/wp-content\/uploads\/2023\/07\/bus-1.jpg 570w, https:\/\/fermalli.com\/wp-content\/uploads\/2023\/07\/bus-1-300x279.jpg 300w, https:\/\/fermalli.com\/wp-content\/uploads\/2023\/07\/bus-1-500x465.jpg 500w\" sizes=\"(max-width: 570px) 100vw, 570px\" \/>\n\t\t\t\n\t\t<\/div>\n\n\t\t\t\t<\/div>\n\t\t\t\t<\/div>\n\t\t\t\t<div class=\"elementor-element elementor-element-d74260a elementor-widget elementor-widget-spacer\" data-id=\"d74260a\" data-element_type=\"widget\" data-settings=\"{&quot;aos_animation_name&quot;:&quot;none&quot;}\" data-widget_type=\"spacer.default\">\n\t\t\t\t<div class=\"elementor-widget-container\">\n\t\t\t\t\t<div class=\"elementor-spacer\">\n\t\t\t<div class=\"elementor-spacer-inner\"><\/div>\n\t\t<\/div>\n\t\t\t\t<\/div>\n\t\t\t\t<\/div>\n\t\t\t\t<div class=\"elementor-element elementor-element-f13859d elementor-widget elementor-widget-vlt-simple-image\" data-id=\"f13859d\" data-element_type=\"widget\" data-settings=\"{&quot;aos_animation_name&quot;:&quot;none&quot;}\" data-widget_type=\"vlt-simple-image.default\">\n\t\t\t\t<div class=\"elementor-widget-container\">\n\t\t\t\n\t\t<div class=\"vlt-simple-image\">\n\n\t\t\t\n\t\t\t\t<a class=\"vlt-simple-image__link\" href=\"https:\/\/fermalli.com\/wp-content\/uploads\/2023\/07\/bus2.jpg\" data-fancybox=\"mug\" data-caption=\"\"><i class=\"ri-add-fill\"><\/i><\/a>\n\n\t\t\t\n\t\t\t\n\t\t\t\t<div class=\"vlt-simple-image__mask\" data-aos=\"image-mask-animation\" data-aos-delay=\"\"><div class=\"inside\"><\/div><\/div>\n\n\t\t\t\n\t\t\t\n\t\t\t\t<img loading=\"lazy\" width=\"570\" height=\"530\" src=\"https:\/\/fermalli.com\/wp-content\/uploads\/2023\/07\/bus2.jpg\" class=\"attachment-sixten-800x600 size-sixten-800x600\" alt=\"\" decoding=\"async\" loading=\"lazy\" srcset=\"https:\/\/fermalli.com\/wp-content\/uploads\/2023\/07\/bus2.jpg 570w, https:\/\/fermalli.com\/wp-content\/uploads\/2023\/07\/bus2-300x279.jpg 300w, https:\/\/fermalli.com\/wp-content\/uploads\/2023\/07\/bus2-500x465.jpg 500w\" sizes=\"(max-width: 570px) 100vw, 570px\" \/>\n\t\t\t\n\t\t<\/div>\n\n\t\t\t\t<\/div>\n\t\t\t\t<\/div>\n\t\t\t\t<div class=\"elementor-element elementor-element-50a1b16 elementor-widget elementor-widget-spacer\" data-id=\"50a1b16\" data-element_type=\"widget\" data-settings=\"{&quot;aos_animation_name&quot;:&quot;none&quot;}\" data-widget_type=\"spacer.default\">\n\t\t\t\t<div class=\"elementor-widget-container\">\n\t\t\t\t\t<div class=\"elementor-spacer\">\n\t\t\t<div class=\"elementor-spacer-inner\"><\/div>\n\t\t<\/div>\n\t\t\t\t<\/div>\n\t\t\t\t<\/div>\n\t\t\t\t<div class=\"elementor-element elementor-element-4327f8e elementor-widget elementor-widget-vlt-simple-image\" data-id=\"4327f8e\" data-element_type=\"widget\" data-settings=\"{&quot;aos_animation_name&quot;:&quot;none&quot;}\" data-widget_type=\"vlt-simple-image.default\">\n\t\t\t\t<div class=\"elementor-widget-container\">\n\t\t\t\n\t\t<div class=\"vlt-simple-image\">\n\n\t\t\t\n\t\t\t\t<a class=\"vlt-simple-image__link\" href=\"https:\/\/fermalli.com\/wp-content\/uploads\/2023\/07\/bus3.jpg\" data-fancybox=\"mug\" data-caption=\"\"><i class=\"ri-add-fill\"><\/i><\/a>\n\n\t\t\t\n\t\t\t\n\t\t\t\t<div class=\"vlt-simple-image__mask\" data-aos=\"image-mask-animation\" data-aos-delay=\"\"><div class=\"inside\"><\/div><\/div>\n\n\t\t\t\n\t\t\t\n\t\t\t\t<img loading=\"lazy\" width=\"570\" height=\"530\" src=\"https:\/\/fermalli.com\/wp-content\/uploads\/2023\/07\/bus3.jpg\" class=\"attachment-sixten-800x600 size-sixten-800x600\" alt=\"\" decoding=\"async\" loading=\"lazy\" srcset=\"https:\/\/fermalli.com\/wp-content\/uploads\/2023\/07\/bus3.jpg 570w, https:\/\/fermalli.com\/wp-content\/uploads\/2023\/07\/bus3-300x279.jpg 300w, https:\/\/fermalli.com\/wp-content\/uploads\/2023\/07\/bus3-500x465.jpg 500w\" sizes=\"(max-width: 570px) 100vw, 570px\" \/>\n\t\t\t\n\t\t<\/div>\n\n\t\t\t\t<\/div>\n\t\t\t\t<\/div>\n\t\t\t\t<div class=\"elementor-element elementor-element-1e58f85 elementor-widget elementor-widget-spacer\" data-id=\"1e58f85\" data-element_type=\"widget\" data-settings=\"{&quot;aos_animation_name&quot;:&quot;none&quot;}\" data-widget_type=\"spacer.default\">\n\t\t\t\t<div class=\"elementor-widget-container\">\n\t\t\t\t\t<div class=\"elementor-spacer\">\n\t\t\t<div class=\"elementor-spacer-inner\"><\/div>\n\t\t<\/div>\n\t\t\t\t<\/div>\n\t\t\t\t<\/div>\n\t\t\t\t<div class=\"elementor-element elementor-element-2ebf86e elementor-widget elementor-widget-vlt-simple-image\" data-id=\"2ebf86e\" data-element_type=\"widget\" data-settings=\"{&quot;aos_animation_name&quot;:&quot;none&quot;}\" data-widget_type=\"vlt-simple-image.default\">\n\t\t\t\t<div class=\"elementor-widget-container\">\n\t\t\t\n\t\t<div class=\"vlt-simple-image\">\n\n\t\t\t\n\t\t\t\t<a class=\"vlt-simple-image__link\" href=\"https:\/\/fermalli.com\/wp-content\/uploads\/2023\/07\/bus5.jpg\" data-fancybox=\"mug\" data-caption=\"\"><i class=\"ri-add-fill\"><\/i><\/a>\n\n\t\t\t\n\t\t\t\n\t\t\t\t<div class=\"vlt-simple-image__mask\" data-aos=\"image-mask-animation\" data-aos-delay=\"\"><div class=\"inside\"><\/div><\/div>\n\n\t\t\t\n\t\t\t\n\t\t\t\t<img loading=\"lazy\" width=\"570\" height=\"530\" src=\"https:\/\/fermalli.com\/wp-content\/uploads\/2023\/07\/bus5.jpg\" class=\"attachment-sixten-800x600 size-sixten-800x600\" alt=\"\" decoding=\"async\" loading=\"lazy\" srcset=\"https:\/\/fermalli.com\/wp-content\/uploads\/2023\/07\/bus5.jpg 570w, https:\/\/fermalli.com\/wp-content\/uploads\/2023\/07\/bus5-300x279.jpg 300w, https:\/\/fermalli.com\/wp-content\/uploads\/2023\/07\/bus5-500x465.jpg 500w\" sizes=\"(max-width: 570px) 100vw, 570px\" \/>\n\t\t\t\n\t\t<\/div>\n\n\t\t\t\t<\/div>\n\t\t\t\t<\/div>\n\t\t\t\t<div class=\"elementor-element elementor-element-0fb5eb0 elementor-widget elementor-widget-spacer\" data-id=\"0fb5eb0\" data-element_type=\"widget\" data-settings=\"{&quot;aos_animation_name&quot;:&quot;none&quot;}\" data-widget_type=\"spacer.default\">\n\t\t\t\t<div class=\"elementor-widget-container\">\n\t\t\t\t\t<div class=\"elementor-spacer\">\n\t\t\t<div class=\"elementor-spacer-inner\"><\/div>\n\t\t<\/div>\n\t\t\t\t<\/div>\n\t\t\t\t<\/div>\n\t\t\t\t<div class=\"elementor-element elementor-element-062baa6 elementor-widget elementor-widget-vlt-simple-image\" data-id=\"062baa6\" data-element_type=\"widget\" data-settings=\"{&quot;aos_animation_name&quot;:&quot;none&quot;}\" data-widget_type=\"vlt-simple-image.default\">\n\t\t\t\t<div class=\"elementor-widget-container\">\n\t\t\t\n\t\t<div class=\"vlt-simple-image\">\n\n\t\t\t\n\t\t\t\t<a class=\"vlt-simple-image__link\" href=\"https:\/\/fermalli.com\/wp-content\/uploads\/2023\/07\/bus6.jpg\" data-fancybox=\"mug\" data-caption=\"\"><i class=\"ri-add-fill\"><\/i><\/a>\n\n\t\t\t\n\t\t\t\n\t\t\t\t<div class=\"vlt-simple-image__mask\" data-aos=\"image-mask-animation\" data-aos-delay=\"\"><div class=\"inside\"><\/div><\/div>\n\n\t\t\t\n\t\t\t\n\t\t\t\t<img loading=\"lazy\" width=\"570\" height=\"529\" src=\"https:\/\/fermalli.com\/wp-content\/uploads\/2023\/07\/bus6.jpg\" class=\"attachment-sixten-800x600 size-sixten-800x600\" alt=\"\" decoding=\"async\" loading=\"lazy\" srcset=\"https:\/\/fermalli.com\/wp-content\/uploads\/2023\/07\/bus6.jpg 570w, https:\/\/fermalli.com\/wp-content\/uploads\/2023\/07\/bus6-300x278.jpg 300w, https:\/\/fermalli.com\/wp-content\/uploads\/2023\/07\/bus6-500x464.jpg 500w\" sizes=\"(max-width: 570px) 100vw, 570px\" \/>\n\t\t\t\n\t\t<\/div>\n\n\t\t\t\t<\/div>\n\t\t\t\t<\/div>\n\t\t\t\t\t<\/div>\n\t\t<\/div>\n\t\t\t\t<div class=\"elementor-column elementor-col-33 elementor-top-column elementor-element elementor-element-c86ae9d\" data-id=\"c86ae9d\" data-element_type=\"column\">\n\t\t\t<div class=\"elementor-widget-wrap\">\n\t\t\t\t\t\t\t<\/div>\n\t\t<\/div>\n\t\t\t\t<div class=\"elementor-column elementor-col-33 elementor-top-column elementor-element elementor-element-1845044 has-sticky-column\" data-id=\"1845044\" data-element_type=\"column\">\n\t\t\t<div class=\"elementor-widget-wrap elementor-element-populated\">\n\t\t\t\t\t\t<div data-aos=\"custom\" data-aos-once=\"true\" class=\"elementor-element elementor-element-178f2d8 elementor-widget elementor-widget-vlt-section-title\" data-id=\"178f2d8\" data-element_type=\"widget\" data-settings=\"{&quot;aos_animation_name&quot;:&quot;custom&quot;}\" data-widget_type=\"vlt-section-title.default\">\n\t\t\t\t<div class=\"elementor-widget-container\">\n\t\t\t\n\t\t<div class=\"vlt-section-title\">\n\n\t\t\t\t\t\t\t<span class=\"vlt-section-title__subtitle\">Servicios<\/span>\n\t\t\t\n\t\t\t\n\t\t\t\t<h3 class=\"vlt-section-title__heading\">\n\n\t\t\t\t\t\n\t\t\t\t\tPublicidad en buses\n\t\t\t\t\t\n\t\t\t\t<\/h3>\n\n\t\t\t\n\t\t\t\n\t\t<\/div>\n\n\t\t\t<\/div>\n\t\t\t\t<\/div>\n\t\t\t\t<div class=\"elementor-element elementor-element-1dfa802 elementor-widget elementor-widget-spacer\" data-id=\"1dfa802\" data-element_type=\"widget\" data-settings=\"{&quot;aos_animation_name&quot;:&quot;none&quot;}\" data-widget_type=\"spacer.default\">\n\t\t\t\t<div class=\"elementor-widget-container\">\n\t\t\t\t\t<div class=\"elementor-spacer\">\n\t\t\t<div class=\"elementor-spacer-inner\"><\/div>\n\t\t<\/div>\n\t\t\t\t<\/div>\n\t\t\t\t<\/div>\n\t\t\t\t<div data-aos=\"custom\" data-aos-once=\"true\" class=\"elementor-element elementor-element-9699db3 elementor-widget elementor-widget-text-editor\" data-id=\"9699db3\" data-element_type=\"widget\" data-settings=\"{&quot;aos_animation_name&quot;:&quot;custom&quot;}\" data-widget_type=\"text-editor.default\">\n\t\t\t\t<div class=\"elementor-widget-container\">\n\t\t\t\t\t\t\t<p>El soporte m\u00e1s din\u00e1mico, sus campa\u00f1as se mueven cubriendo tanto centros urbanos como a nuestros barrios y zonas urbanizadas.<\/p>\n<p>Oferecen el n\u00famero m\u00e1s grande de impactos publicitarios al mejor coste.<\/p>\n<p>Tenemos la exclusiva de \u00e9ste medio.<\/p>\n<p>Nuestra red ofrece cobertura en los n\u00facleos m\u00e1s poblados, Matar\u00f3, las zonas tur\u00edsticas de Calella, Pineda de Mar y hasta Malgrat de Mar, Blanes uniendo adem\u00e1s las ciudades de Matar\u00f3, Granollers y Argentona con unas l\u00edneas interurbanas con un gran recorrido urbano.<\/p>\n\t\t\t\t\t\t<\/div>\n\t\t\t\t<\/div>\n\t\t\t\t<div class=\"elementor-element elementor-element-9d731a2 elementor-widget elementor-widget-spacer\" data-id=\"9d731a2\" data-element_type=\"widget\" data-settings=\"{&quot;aos_animation_name&quot;:&quot;none&quot;}\" data-widget_type=\"spacer.default\">\n\t\t\t\t<div class=\"elementor-widget-container\">\n\t\t\t\t\t<div class=\"elementor-spacer\">\n\t\t\t<div class=\"elementor-spacer-inner\"><\/div>\n\t\t<\/div>\n\t\t\t\t<\/div>\n\t\t\t\t<\/div>\n\t\t\t\t<div data-aos=\"custom\" data-aos-delay=\"100\" data-aos-once=\"true\" class=\"elementor-element elementor-element-b773e17 elementor-widget elementor-widget-vlt-heading\" data-id=\"b773e17\" data-element_type=\"widget\" data-settings=\"{&quot;aos_animation_name&quot;:&quot;custom&quot;}\" data-widget_type=\"vlt-heading.default\">\n\t\t\t\t<div class=\"elementor-widget-container\">\n\t\t\t\n\t\t<h6 class=\"vlt-heading\">\n\n\t\t\t\n\t\t\t\t\t\t\tConsulta nuestras tarifas\t\t\t\n\t\t\t\n\t\t<\/h6>\n\n\t\t\t<\/div>\n\t\t\t\t<\/div>\n\t\t\t\t<div class=\"elementor-element elementor-element-9b5dad6 elementor-widget elementor-widget-spacer\" data-id=\"9b5dad6\" data-element_type=\"widget\" data-settings=\"{&quot;aos_animation_name&quot;:&quot;none&quot;}\" data-widget_type=\"spacer.default\">\n\t\t\t\t<div class=\"elementor-widget-container\">\n\t\t\t\t\t<div class=\"elementor-spacer\">\n\t\t\t<div class=\"elementor-spacer-inner\"><\/div>\n\t\t<\/div>\n\t\t\t\t<\/div>\n\t\t\t\t<\/div>\n\t\t\t\t<div class=\"elementor-element elementor-element-aaef866 elementor-icon-list--layout-traditional elementor-list-item-link-full_width elementor-widget elementor-widget-icon-list\" data-id=\"aaef866\" data-element_type=\"widget\" data-settings=\"{&quot;aos_animation_name&quot;:&quot;none&quot;}\" data-widget_type=\"icon-list.default\">\n\t\t\t\t<div class=\"elementor-widget-container\">\n\t\t\t\t\t<ul class=\"elementor-icon-list-items\">\n\t\t\t\t\t\t\t<li class=\"elementor-icon-list-item\">\n\t\t\t\t\t\t\t\t\t\t\t<a href=\"https:\/\/fermalli.com\/wp-content\/uploads\/2023\/07\/2022_mataro.jpg\" target=\"_blank\">\n\n\t\t\t\t\t\t\t\t\t\t\t\t<span class=\"elementor-icon-list-icon\">\n\t\t\t\t\t\t\t<i aria-hidden=\"true\" class=\"far fa-file-alt\"><\/i>\t\t\t\t\t\t<\/span>\n\t\t\t\t\t\t\t\t\t\t<span class=\"elementor-icon-list-text\">Matar\u00f3<\/span>\n\t\t\t\t\t\t\t\t\t\t\t<\/a>\n\t\t\t\t\t\t\t\t\t<\/li>\n\t\t\t\t\t\t\t\t<li class=\"elementor-icon-list-item\">\n\t\t\t\t\t\t\t\t\t\t\t<a href=\"https:\/\/fermalli.com\/wp-content\/uploads\/2023\/07\/2021_altmaresme.jpg\" target=\"_blank\">\n\n\t\t\t\t\t\t\t\t\t\t\t\t<span class=\"elementor-icon-list-icon\">\n\t\t\t\t\t\t\t<i aria-hidden=\"true\" class=\"far fa-file-alt\"><\/i>\t\t\t\t\t\t<\/span>\n\t\t\t\t\t\t\t\t\t\t<span class=\"elementor-icon-list-text\">Alto Maresme<\/span>\n\t\t\t\t\t\t\t\t\t\t\t<\/a>\n\t\t\t\t\t\t\t\t\t<\/li>\n\t\t\t\t\t\t\t\t<li class=\"elementor-icon-list-item\">\n\t\t\t\t\t\t\t\t\t\t\t<a href=\"https:\/\/fermalli.com\/wp-content\/uploads\/2023\/07\/2022_interurbans.jpg\" target=\"_blank\">\n\n\t\t\t\t\t\t\t\t\t\t\t\t<span class=\"elementor-icon-list-icon\">\n\t\t\t\t\t\t\t<i aria-hidden=\"true\" class=\"far fa-file-alt\"><\/i>\t\t\t\t\t\t<\/span>\n\t\t\t\t\t\t\t\t\t\t<span class=\"elementor-icon-list-text\">Interurbanos<\/span>\n\t\t\t\t\t\t\t\t\t\t\t<\/a>\n\t\t\t\t\t\t\t\t\t<\/li>\n\t\t\t\t\t\t\t\t<li class=\"elementor-icon-list-item\">\n\t\t\t\t\t\t\t\t\t\t\t<a href=\"https:\/\/fermalli.com\/wp-content\/uploads\/2023\/07\/2022_granollers.jpg\" target=\"_blank\">\n\n\t\t\t\t\t\t\t\t\t\t\t\t<span class=\"elementor-icon-list-icon\">\n\t\t\t\t\t\t\t<i aria-hidden=\"true\" class=\"far fa-file-alt\"><\/i>\t\t\t\t\t\t<\/span>\n\t\t\t\t\t\t\t\t\t\t<span class=\"elementor-icon-list-text\">Granollers<\/span>\n\t\t\t\t\t\t\t\t\t\t\t<\/a>\n\t\t\t\t\t\t\t\t\t<\/li>\n\t\t\t\t\t\t<\/ul>\n\t\t\t\t<\/div>\n\t\t\t\t<\/div>\n\t\t\t\t<div class=\"elementor-element elementor-element-ba2ad9a elementor-widget elementor-widget-spacer\" data-id=\"ba2ad9a\" data-element_type=\"widget\" data-settings=\"{&quot;aos_animation_name&quot;:&quot;none&quot;}\" data-widget_type=\"spacer.default\">\n\t\t\t\t<div class=\"elementor-widget-container\">\n\t\t\t\t\t<div class=\"elementor-spacer\">\n\t\t\t<div class=\"elementor-spacer-inner\"><\/div>\n\t\t<\/div>\n\t\t\t\t<\/div>\n\t\t\t\t<\/div>\n\t\t\t\t\t<\/div>\n\t\t<\/div>\n\t\t\t\t\t<\/div>\n\t\t<\/section>\n\t\t\t\t<\/div>\n\t\t","protected":false},"excerpt":{"rendered":"<p>Servicios Publicidad en buses El soporte m\u00e1s din\u00e1mico, sus campa\u00f1as se mueven cubriendo tanto centros urbanos como a nuestros barrios y zonas urbanizadas. Oferecen el n\u00famero m\u00e1s grande de impactos publicitarios al mejor coste. Tenemos la exclusiva de \u00e9ste medio. Nuestra red ofrece cobertura en los n\u00facleos m\u00e1s poblados, Matar\u00f3, las zonas tur\u00edsticas de Calella, [&hellip;]<\/p>\n","protected":false},"author":1,"featured_media":0,"parent":6341,"menu_order":71,"comment_status":"closed","ping_status":"closed","template":"template-custom-page.php","meta":{"footnotes":"","_vp_format_video_url":"","_vp_image_focal_point":[]},"acf":[],"yoast_head":"<!-- This site is optimized with the Yoast SEO plugin v20.10 - https:\/\/yoast.com\/wordpress\/plugins\/seo\/ -->\n<title>Publicidad en autobuses - Publicitat Fermalli Maresme<\/title>\n<meta name=\"robots\" content=\"index, follow, max-snippet:-1, max-image-preview:large, max-video-preview:-1\" \/>\n<link rel=\"canonical\" href=\"https:\/\/fermalli.com\/es\/servicios\/publicidad-en-autobuses\/\" \/>\n<meta property=\"og:locale\" content=\"es_ES\" \/>\n<meta property=\"og:type\" content=\"article\" \/>\n<meta property=\"og:title\" content=\"Publicidad en autobuses - Publicitat Fermalli Maresme\" \/>\n<meta property=\"og:description\" content=\"Servicios Publicidad en buses El soporte m\u00e1s din\u00e1mico, sus campa\u00f1as se mueven cubriendo tanto centros urbanos como a nuestros barrios y zonas urbanizadas. Oferecen el n\u00famero m\u00e1s grande de impactos publicitarios al mejor coste. Tenemos la exclusiva de \u00e9ste medio. Nuestra red ofrece cobertura en los n\u00facleos m\u00e1s poblados, Matar\u00f3, las zonas tur\u00edsticas de Calella, [&hellip;]\" \/>\n<meta property=\"og:url\" content=\"https:\/\/fermalli.com\/es\/servicios\/publicidad-en-autobuses\/\" \/>\n<meta property=\"og:site_name\" content=\"Publicitat Fermalli Maresme\" \/>\n<meta property=\"article:modified_time\" content=\"2023-07-07T12:09:50+00:00\" \/>\n<meta property=\"og:image\" content=\"https:\/\/fermalli.com\/wp-content\/uploads\/2023\/07\/bus.jpg\" \/>\n<meta name=\"twitter:card\" content=\"summary_large_image\" \/>\n<meta name=\"twitter:label1\" content=\"Tiempo de lectura\" \/>\n\t<meta name=\"twitter:data1\" content=\"2 minutos\" \/>\n<script type=\"application\/ld+json\" class=\"yoast-schema-graph\">{\"@context\":\"https:\/\/schema.org\",\"@graph\":[{\"@type\":\"WebPage\",\"@id\":\"https:\/\/fermalli.com\/es\/servicios\/publicidad-en-autobuses\/\",\"url\":\"https:\/\/fermalli.com\/es\/servicios\/publicidad-en-autobuses\/\",\"name\":\"Publicidad en autobuses - Publicitat Fermalli Maresme\",\"isPartOf\":{\"@id\":\"https:\/\/fermalli.com\/es\/#website\"},\"datePublished\":\"2020-04-11T07:37:26+00:00\",\"dateModified\":\"2023-07-07T12:09:50+00:00\",\"breadcrumb\":{\"@id\":\"https:\/\/fermalli.com\/es\/servicios\/publicidad-en-autobuses\/#breadcrumb\"},\"inLanguage\":\"es\",\"potentialAction\":[{\"@type\":\"ReadAction\",\"target\":[\"https:\/\/fermalli.com\/es\/servicios\/publicidad-en-autobuses\/\"]}]},{\"@type\":\"BreadcrumbList\",\"@id\":\"https:\/\/fermalli.com\/es\/servicios\/publicidad-en-autobuses\/#breadcrumb\",\"itemListElement\":[{\"@type\":\"ListItem\",\"position\":1,\"name\":\"Portada\",\"item\":\"https:\/\/fermalli.com\/es\/\"},{\"@type\":\"ListItem\",\"position\":2,\"name\":\"Servicios\",\"item\":\"https:\/\/fermalli.com\/es\/servicios\/\"},{\"@type\":\"ListItem\",\"position\":3,\"name\":\"Publicidad en autobuses\"}]},{\"@type\":\"WebSite\",\"@id\":\"https:\/\/fermalli.com\/es\/#website\",\"url\":\"https:\/\/fermalli.com\/es\/\",\"name\":\"Publicitat Fermalli Maresme\",\"description\":\"\",\"publisher\":{\"@id\":\"https:\/\/fermalli.com\/es\/#organization\"},\"potentialAction\":[{\"@type\":\"SearchAction\",\"target\":{\"@type\":\"EntryPoint\",\"urlTemplate\":\"https:\/\/fermalli.com\/es\/?s={search_term_string}\"},\"query-input\":\"required name=search_term_string\"}],\"inLanguage\":\"es\"},{\"@type\":\"Organization\",\"@id\":\"https:\/\/fermalli.com\/es\/#organization\",\"name\":\"Publicitat Fermalli Maresme\",\"url\":\"https:\/\/fermalli.com\/es\/\",\"logo\":{\"@type\":\"ImageObject\",\"inLanguage\":\"es\",\"@id\":\"https:\/\/fermalli.com\/es\/#\/schema\/logo\/image\/\",\"url\":\"https:\/\/fermalli.com\/wp-content\/uploads\/2023\/07\/logo_ne.png\",\"contentUrl\":\"https:\/\/fermalli.com\/wp-content\/uploads\/2023\/07\/logo_ne.png\",\"width\":200,\"height\":109,\"caption\":\"Publicitat Fermalli Maresme\"},\"image\":{\"@id\":\"https:\/\/fermalli.com\/es\/#\/schema\/logo\/image\/\"}}]}<\/script>\n<!-- \/ Yoast SEO plugin. -->","yoast_head_json":{"title":"Publicidad en autobuses - Publicitat Fermalli Maresme","robots":{"index":"index","follow":"follow","max-snippet":"max-snippet:-1","max-image-preview":"max-image-preview:large","max-video-preview":"max-video-preview:-1"},"canonical":"https:\/\/fermalli.com\/es\/servicios\/publicidad-en-autobuses\/","og_locale":"es_ES","og_type":"article","og_title":"Publicidad en autobuses - Publicitat Fermalli Maresme","og_description":"Servicios Publicidad en buses El soporte m\u00e1s din\u00e1mico, sus campa\u00f1as se mueven cubriendo tanto centros urbanos como a nuestros barrios y zonas urbanizadas. Oferecen el n\u00famero m\u00e1s grande de impactos publicitarios al mejor coste. Tenemos la exclusiva de \u00e9ste medio. Nuestra red ofrece cobertura en los n\u00facleos m\u00e1s poblados, Matar\u00f3, las zonas tur\u00edsticas de Calella, [&hellip;]","og_url":"https:\/\/fermalli.com\/es\/servicios\/publicidad-en-autobuses\/","og_site_name":"Publicitat Fermalli Maresme","article_modified_time":"2023-07-07T12:09:50+00:00","og_image":[{"url":"https:\/\/fermalli.com\/wp-content\/uploads\/2023\/07\/bus.jpg"}],"twitter_card":"summary_large_image","twitter_misc":{"Tiempo de lectura":"2 minutos"},"schema":{"@context":"https:\/\/schema.org","@graph":[{"@type":"WebPage","@id":"https:\/\/fermalli.com\/es\/servicios\/publicidad-en-autobuses\/","url":"https:\/\/fermalli.com\/es\/servicios\/publicidad-en-autobuses\/","name":"Publicidad en autobuses - Publicitat Fermalli Maresme","isPartOf":{"@id":"https:\/\/fermalli.com\/es\/#website"},"datePublished":"2020-04-11T07:37:26+00:00","dateModified":"2023-07-07T12:09:50+00:00","breadcrumb":{"@id":"https:\/\/fermalli.com\/es\/servicios\/publicidad-en-autobuses\/#breadcrumb"},"inLanguage":"es","potentialAction":[{"@type":"ReadAction","target":["https:\/\/fermalli.com\/es\/servicios\/publicidad-en-autobuses\/"]}]},{"@type":"BreadcrumbList","@id":"https:\/\/fermalli.com\/es\/servicios\/publicidad-en-autobuses\/#breadcrumb","itemListElement":[{"@type":"ListItem","position":1,"name":"Portada","item":"https:\/\/fermalli.com\/es\/"},{"@type":"ListItem","position":2,"name":"Servicios","item":"https:\/\/fermalli.com\/es\/servicios\/"},{"@type":"ListItem","position":3,"name":"Publicidad en autobuses"}]},{"@type":"WebSite","@id":"https:\/\/fermalli.com\/es\/#website","url":"https:\/\/fermalli.com\/es\/","name":"Publicitat Fermalli Maresme","description":"","publisher":{"@id":"https:\/\/fermalli.com\/es\/#organization"},"potentialAction":[{"@type":"SearchAction","target":{"@type":"EntryPoint","urlTemplate":"https:\/\/fermalli.com\/es\/?s={search_term_string}"},"query-input":"required name=search_term_string"}],"inLanguage":"es"},{"@type":"Organization","@id":"https:\/\/fermalli.com\/es\/#organization","name":"Publicitat Fermalli Maresme","url":"https:\/\/fermalli.com\/es\/","logo":{"@type":"ImageObject","inLanguage":"es","@id":"https:\/\/fermalli.com\/es\/#\/schema\/logo\/image\/","url":"https:\/\/fermalli.com\/wp-content\/uploads\/2023\/07\/logo_ne.png","contentUrl":"https:\/\/fermalli.com\/wp-content\/uploads\/2023\/07\/logo_ne.png","width":200,"height":109,"caption":"Publicitat Fermalli Maresme"},"image":{"@id":"https:\/\/fermalli.com\/es\/#\/schema\/logo\/image\/"}}]}},"_links":{"self":[{"href":"https:\/\/fermalli.com\/es\/wp-json\/wp\/v2\/pages\/6305"}],"collection":[{"href":"https:\/\/fermalli.com\/es\/wp-json\/wp\/v2\/pages"}],"about":[{"href":"https:\/\/fermalli.com\/es\/wp-json\/wp\/v2\/types\/page"}],"author":[{"embeddable":true,"href":"https:\/\/fermalli.com\/es\/wp-json\/wp\/v2\/users\/1"}],"replies":[{"embeddable":true,"href":"https:\/\/fermalli.com\/es\/wp-json\/wp\/v2\/comments?post=6305"}],"version-history":[{"count":9,"href":"https:\/\/fermalli.com\/es\/wp-json\/wp\/v2\/pages\/6305\/revisions"}],"predecessor-version":[{"id":6408,"href":"https:\/\/fermalli.com\/es\/wp-json\/wp\/v2\/pages\/6305\/revisions\/6408"}],"up":[{"embeddable":true,"href":"https:\/\/fermalli.com\/es\/wp-json\/wp\/v2\/pages\/6341"}],"wp:attachment":[{"href":"https:\/\/fermalli.com\/es\/wp-json\/wp\/v2\/media?parent=6305"}],"curies":[{"name":"wp","href":"https:\/\/api.w.org\/{rel}","templated":true}]}}