{"id":6299,"date":"2020-04-11T09:31:25","date_gmt":"2020-04-11T07:31:25","guid":{"rendered":"https:\/\/fermalli.com\/quienes-somos\/"},"modified":"2023-07-07T13:38:09","modified_gmt":"2023-07-07T11:38:09","slug":"quienes-somos","status":"publish","type":"page","link":"https:\/\/fermalli.com\/es\/quienes-somos\/","title":{"rendered":"Qui\u00e9nes somos"},"content":{"rendered":"\t\t<div data-elementor-type=\"wp-page\" data-elementor-id=\"6299\" class=\"elementor elementor-6299 elementor-901\">\n\t\t\t\t\t\t<section class=\"elementor-section elementor-top-section elementor-element elementor-element-340bfac elementor-section-full_width elementor-section-height-default elementor-section-height-default\" data-id=\"340bfac\" data-element_type=\"section\">\n\t\t\t\t\t\t<div class=\"elementor-container elementor-column-gap-no\">\n\t\t\t\t\t<div class=\"elementor-column elementor-col-100 elementor-top-column elementor-element elementor-element-8c3de3f\" data-id=\"8c3de3f\" data-element_type=\"column\">\n\t\t\t<div class=\"elementor-widget-wrap elementor-element-populated\">\n\t\t\t\t\t\t<div class=\"elementor-element elementor-element-551c8ca elementor-widget elementor-widget-vlt-page-title\" data-id=\"551c8ca\" data-element_type=\"widget\" data-settings=\"{&quot;aos_animation_name&quot;:&quot;none&quot;}\" data-widget_type=\"vlt-page-title.default\">\n\t\t\t\t<div class=\"elementor-widget-container\">\n\t\t\t\n\t\t<div class=\"vlt-page-title vlt-page-title--551c8ca vlt-page-title--style-2 jarallax\">\n\n\t\t\t<img loading=\"lazy\" width=\"1920\" height=\"960\" src=\"https:\/\/fermalli.com\/wp-content\/uploads\/2023\/07\/nosaltres_capcalera.jpg\" class=\"jarallax-img attachment-sixten-1920x960_crop size-sixten-1920x960_crop\" alt=\"\" decoding=\"async\" loading=\"lazy\" srcset=\"https:\/\/fermalli.com\/wp-content\/uploads\/2023\/07\/nosaltres_capcalera.jpg 1920w, https:\/\/fermalli.com\/wp-content\/uploads\/2023\/07\/nosaltres_capcalera-300x150.jpg 300w, https:\/\/fermalli.com\/wp-content\/uploads\/2023\/07\/nosaltres_capcalera-1024x512.jpg 1024w, https:\/\/fermalli.com\/wp-content\/uploads\/2023\/07\/nosaltres_capcalera-768x384.jpg 768w, https:\/\/fermalli.com\/wp-content\/uploads\/2023\/07\/nosaltres_capcalera-1536x768.jpg 1536w, https:\/\/fermalli.com\/wp-content\/uploads\/2023\/07\/nosaltres_capcalera-500x250.jpg 500w, https:\/\/fermalli.com\/wp-content\/uploads\/2023\/07\/nosaltres_capcalera-800x400.jpg 800w, https:\/\/fermalli.com\/wp-content\/uploads\/2023\/07\/nosaltres_capcalera-1280x640.jpg 1280w\" sizes=\"(max-width: 1920px) 100vw, 1920px\" \/><div class=\"vlt-page-title__overlay\"><\/div><div class=\"container lax\" data-lax-translate-y=\"0 0, (-elh*2) elh\" data-lax-opacity=\"0 1, (-elh*2) 0\" data-lax-anchor=\".vlt-page-title--551c8ca\"><h1 class=\"vlt-page-title__title\">Qui\u00e9nes somos<\/h1><\/div>\n\t\t<\/div>\n\n\t\t<div id=\"551c8ca\"><\/div>\n\n\t\t\t\t<\/div>\n\t\t\t\t<\/div>\n\t\t\t\t\t<\/div>\n\t\t<\/div>\n\t\t\t\t\t<\/div>\n\t\t<\/section>\n\t\t\t\t<section class=\"elementor-section elementor-top-section elementor-element elementor-element-d2c1506 elementor-section-boxed elementor-section-height-default elementor-section-height-default\" data-id=\"d2c1506\" data-element_type=\"section\">\n\t\t\t\t\t\t<div class=\"elementor-container elementor-column-gap-extended\">\n\t\t\t\t\t<div class=\"elementor-column elementor-col-25 elementor-top-column elementor-element elementor-element-cae3ac8 elementor-hidden-tablet elementor-hidden-mobile\" data-id=\"cae3ac8\" data-element_type=\"column\">\n\t\t\t<div class=\"elementor-widget-wrap\">\n\t\t\t\t\t\t\t<\/div>\n\t\t<\/div>\n\t\t\t\t<div class=\"elementor-column elementor-col-25 elementor-top-column elementor-element elementor-element-329e97d\" data-id=\"329e97d\" data-element_type=\"column\">\n\t\t\t<div class=\"elementor-widget-wrap elementor-element-populated\">\n\t\t\t\t\t\t<div data-aos=\"custom\" data-aos-once=\"true\" class=\"elementor-element elementor-element-150ff28 elementor-widget elementor-widget-vlt-section-title\" data-id=\"150ff28\" data-element_type=\"widget\" data-settings=\"{&quot;aos_animation_name&quot;:&quot;custom&quot;}\" data-widget_type=\"vlt-section-title.default\">\n\t\t\t\t<div class=\"elementor-widget-container\">\n\t\t\t\n\t\t<div class=\"vlt-section-title\">\n\n\t\t\t\t\t\t\t<span class=\"vlt-section-title__subtitle\">Qui\u00e9nes somos<\/span>\n\t\t\t\n\t\t\t\n\t\t\t\t<h2 class=\"vlt-section-title__heading\">\n\n\t\t\t\t\t\n\t\t\t\t\tAgencia creativa de publicidad\n\t\t\t\t\t\n\t\t\t\t<\/h2>\n\n\t\t\t\n\t\t\t\n\t\t<\/div>\n\n\t\t\t<\/div>\n\t\t\t\t<\/div>\n\t\t\t\t<div data-aos=\"custom\" data-aos-delay=\"100\" data-aos-once=\"true\" class=\"elementor-element elementor-element-bfd63c9 elementor-widget elementor-widget-text-editor\" data-id=\"bfd63c9\" data-element_type=\"widget\" data-settings=\"{&quot;aos_animation_name&quot;:&quot;custom&quot;}\" data-widget_type=\"text-editor.default\">\n\t\t\t\t<div class=\"elementor-widget-container\">\n\t\t\t\t\t\t\t<p>Un experimentado equipo a su servicio<\/p>\n<p>Experimentado por la propia trayectoria de la agencia, que tiene sus or\u00edgenes en el a\u00f1o 1939 y dedicados a un trabajo que nos pide estar constantemente al d\u00eda.<\/p>\n<p>Trabajamos para conseguir el mejor posicionamiento de las campa\u00f1as de nuestros clientes y que obtengan la m\u00e1xima notoriedad.<\/p>\n\t\t\t\t\t\t<\/div>\n\t\t\t\t<\/div>\n\t\t\t\t\t<\/div>\n\t\t<\/div>\n\t\t\t\t<div class=\"elementor-column elementor-col-25 elementor-top-column elementor-element elementor-element-6302f10\" data-id=\"6302f10\" data-element_type=\"column\">\n\t\t\t<div class=\"elementor-widget-wrap elementor-element-populated\">\n\t\t\t\t\t\t<div data-aos=\"custom\" data-aos-delay=\"100\" data-aos-once=\"true\" class=\"elementor-element elementor-element-9c111fd elementor-widget elementor-widget-text-editor\" data-id=\"9c111fd\" data-element_type=\"widget\" data-settings=\"{&quot;aos_animation_name&quot;:&quot;custom&quot;}\" data-widget_type=\"text-editor.default\">\n\t\t\t\t<div class=\"elementor-widget-container\">\n\t\t\t\t\t\t\t<p>Nuestra zona de trabajo natural es el Maresme y el Vall\u00e9s, pero podemos llevar su mensaje donde desee.<\/p>\n<p>El conocimiento de los soportes publicitarios de la zona nos permite ofrecer los mejores emplazamientos y ponerlos al servicio de las necesidades de comunicaci\u00f3n de nuestros clientes. Mantenemos una total independencia sobre los circuitos establecidos, ofreciendo a nuestros clientes s\u00f3lo los mejores y mas convenientes emplazamientos.<\/p>\n<p>Mantenemos una estrecha relaci\u00f3n con nuestros proveedores con los que llegamos a trabajar como delegados de los mismos en nuestra zona, lo que nos permite estar al d\u00eda de las disponibilidades en todo momento.<\/p>\n\t\t\t\t\t\t<\/div>\n\t\t\t\t<\/div>\n\t\t\t\t\t<\/div>\n\t\t<\/div>\n\t\t\t\t<div class=\"elementor-column elementor-col-25 elementor-top-column elementor-element elementor-element-a18157d\" data-id=\"a18157d\" data-element_type=\"column\">\n\t\t\t<div class=\"elementor-widget-wrap\">\n\t\t\t\t\t\t\t<\/div>\n\t\t<\/div>\n\t\t\t\t\t<\/div>\n\t\t<\/section>\n\t\t\t\t<section class=\"elementor-section elementor-top-section elementor-element elementor-element-5a67f73 elementor-section-boxed elementor-section-height-default elementor-section-height-default\" data-id=\"5a67f73\" data-element_type=\"section\">\n\t\t\t\t\t\t<div class=\"elementor-container elementor-column-gap-extended\">\n\t\t\t\t\t<div class=\"elementor-column elementor-col-50 elementor-top-column elementor-element elementor-element-8377d48\" data-id=\"8377d48\" data-element_type=\"column\">\n\t\t\t<div class=\"elementor-widget-wrap elementor-element-populated\">\n\t\t\t\t\t\t<div class=\"elementor-element elementor-element-39e6d08 elementor-widget elementor-widget-vlt-simple-image\" data-id=\"39e6d08\" data-element_type=\"widget\" data-settings=\"{&quot;aos_animation_name&quot;:&quot;none&quot;}\" data-widget_type=\"vlt-simple-image.default\">\n\t\t\t\t<div class=\"elementor-widget-container\">\n\t\t\t\n\t\t<div class=\"vlt-simple-image\">\n\n\t\t\t\n\t\t\t\t<a class=\"vlt-simple-image__link\" href=\"https:\/\/fermalli.com\/wp-content\/uploads\/2023\/07\/nosaltres_01.jpg\" data-fancybox=\"\" data-caption=\"\"><i class=\"ri-add-fill\"><\/i><\/a>\n\n\t\t\t\n\t\t\t\n\t\t\t\t<div class=\"vlt-simple-image__mask\" data-aos=\"image-mask-animation\" data-aos-delay=\"\"><div class=\"inside\"><\/div><\/div>\n\n\t\t\t\n\t\t\t\n\t\t\t\t<img decoding=\"async\" src=\"https:\/\/fermalli.com\/wp-content\/uploads\/elementor\/thumbs\/nosaltres_01-q8v6ge8dlyfbincks5mi55cfb8iec7qvzatzeka0z4.jpg\" title=\"nosaltres_01\" alt=\"nosaltres_01\" loading=\"lazy\"\/>\n\t\t\t\n\t\t<\/div>\n\n\t\t\t\t<\/div>\n\t\t\t\t<\/div>\n\t\t\t\t\t<\/div>\n\t\t<\/div>\n\t\t\t\t<div class=\"elementor-column elementor-col-50 elementor-top-column elementor-element elementor-element-6397677\" data-id=\"6397677\" data-element_type=\"column\">\n\t\t\t<div class=\"elementor-widget-wrap elementor-element-populated\">\n\t\t\t\t\t\t<div class=\"elementor-element elementor-element-361699a elementor-widget elementor-widget-vlt-simple-image\" data-id=\"361699a\" data-element_type=\"widget\" data-settings=\"{&quot;aos_animation_name&quot;:&quot;none&quot;}\" data-widget_type=\"vlt-simple-image.default\">\n\t\t\t\t<div class=\"elementor-widget-container\">\n\t\t\t\n\t\t<div class=\"vlt-simple-image\">\n\n\t\t\t\n\t\t\t\t<a class=\"vlt-simple-image__link\" href=\"https:\/\/fermalli.com\/wp-content\/uploads\/2023\/07\/nosaltres_02.jpg\" data-fancybox=\"\" data-caption=\"\"><i class=\"ri-add-fill\"><\/i><\/a>\n\n\t\t\t\n\t\t\t\n\t\t\t\t<div class=\"vlt-simple-image__mask\" data-aos=\"image-mask-animation\" data-aos-delay=\"\"><div class=\"inside\"><\/div><\/div>\n\n\t\t\t\n\t\t\t\n\t\t\t\t<img decoding=\"async\" src=\"https:\/\/fermalli.com\/wp-content\/uploads\/elementor\/thumbs\/nosaltres_02-q8v6gqga2sw1pkutsswnjk9f18u64a3eczban5rwq8.jpg\" title=\"nosaltres_02\" alt=\"nosaltres_02\" loading=\"lazy\"\/>\n\t\t\t\n\t\t<\/div>\n\n\t\t\t\t<\/div>\n\t\t\t\t<\/div>\n\t\t\t\t\t<\/div>\n\t\t<\/div>\n\t\t\t\t\t<\/div>\n\t\t<\/section>\n\t\t\t\t<\/div>\n\t\t","protected":false},"excerpt":{"rendered":"<p>Qui\u00e9nes somos Qui\u00e9nes somos Agencia creativa de publicidad Un experimentado equipo a su servicio Experimentado por la propia trayectoria de la agencia, que tiene sus or\u00edgenes en el a\u00f1o 1939 y dedicados a un trabajo que nos pide estar constantemente al d\u00eda. Trabajamos para conseguir el mejor posicionamiento de las campa\u00f1as de nuestros clientes y [&hellip;]<\/p>\n","protected":false},"author":1,"featured_media":0,"parent":0,"menu_order":24,"comment_status":"closed","ping_status":"closed","template":"template-custom-page.php","meta":{"footnotes":"","_vp_format_video_url":"","_vp_image_focal_point":[]},"acf":[],"yoast_head":"<!-- This site is optimized with the Yoast SEO plugin v20.10 - https:\/\/yoast.com\/wordpress\/plugins\/seo\/ -->\n<title>Qui\u00e9nes somos - Publicitat Fermalli Maresme<\/title>\n<meta name=\"robots\" content=\"index, follow, max-snippet:-1, max-image-preview:large, max-video-preview:-1\" \/>\n<link rel=\"canonical\" href=\"https:\/\/fermalli.com\/es\/quienes-somos\/\" \/>\n<meta property=\"og:locale\" content=\"es_ES\" \/>\n<meta property=\"og:type\" content=\"article\" \/>\n<meta property=\"og:title\" content=\"Qui\u00e9nes somos - Publicitat Fermalli Maresme\" \/>\n<meta property=\"og:description\" content=\"Qui\u00e9nes somos Qui\u00e9nes somos Agencia creativa de publicidad Un experimentado equipo a su servicio Experimentado por la propia trayectoria de la agencia, que tiene sus or\u00edgenes en el a\u00f1o 1939 y dedicados a un trabajo que nos pide estar constantemente al d\u00eda. Trabajamos para conseguir el mejor posicionamiento de las campa\u00f1as de nuestros clientes y [&hellip;]\" \/>\n<meta property=\"og:url\" content=\"https:\/\/fermalli.com\/es\/quienes-somos\/\" \/>\n<meta property=\"og:site_name\" content=\"Publicitat Fermalli Maresme\" \/>\n<meta property=\"article:modified_time\" content=\"2023-07-07T11:38:09+00:00\" \/>\n<meta property=\"og:image\" content=\"https:\/\/fermalli.com\/wp-content\/uploads\/2023\/07\/nosaltres_capcalera.jpg\" \/>\n<meta name=\"twitter:card\" content=\"summary_large_image\" \/>\n<meta name=\"twitter:label1\" content=\"Tiempo de lectura\" \/>\n\t<meta name=\"twitter:data1\" content=\"2 minutos\" \/>\n<script type=\"application\/ld+json\" class=\"yoast-schema-graph\">{\"@context\":\"https:\/\/schema.org\",\"@graph\":[{\"@type\":\"WebPage\",\"@id\":\"https:\/\/fermalli.com\/es\/quienes-somos\/\",\"url\":\"https:\/\/fermalli.com\/es\/quienes-somos\/\",\"name\":\"Qui\u00e9nes somos - Publicitat Fermalli Maresme\",\"isPartOf\":{\"@id\":\"https:\/\/fermalli.com\/es\/#website\"},\"datePublished\":\"2020-04-11T07:31:25+00:00\",\"dateModified\":\"2023-07-07T11:38:09+00:00\",\"breadcrumb\":{\"@id\":\"https:\/\/fermalli.com\/es\/quienes-somos\/#breadcrumb\"},\"inLanguage\":\"es\",\"potentialAction\":[{\"@type\":\"ReadAction\",\"target\":[\"https:\/\/fermalli.com\/es\/quienes-somos\/\"]}]},{\"@type\":\"BreadcrumbList\",\"@id\":\"https:\/\/fermalli.com\/es\/quienes-somos\/#breadcrumb\",\"itemListElement\":[{\"@type\":\"ListItem\",\"position\":1,\"name\":\"Portada\",\"item\":\"https:\/\/fermalli.com\/es\/\"},{\"@type\":\"ListItem\",\"position\":2,\"name\":\"Qui\u00e9nes somos\"}]},{\"@type\":\"WebSite\",\"@id\":\"https:\/\/fermalli.com\/es\/#website\",\"url\":\"https:\/\/fermalli.com\/es\/\",\"name\":\"Publicitat Fermalli Maresme\",\"description\":\"\",\"publisher\":{\"@id\":\"https:\/\/fermalli.com\/es\/#organization\"},\"potentialAction\":[{\"@type\":\"SearchAction\",\"target\":{\"@type\":\"EntryPoint\",\"urlTemplate\":\"https:\/\/fermalli.com\/es\/?s={search_term_string}\"},\"query-input\":\"required name=search_term_string\"}],\"inLanguage\":\"es\"},{\"@type\":\"Organization\",\"@id\":\"https:\/\/fermalli.com\/es\/#organization\",\"name\":\"Publicitat Fermalli Maresme\",\"url\":\"https:\/\/fermalli.com\/es\/\",\"logo\":{\"@type\":\"ImageObject\",\"inLanguage\":\"es\",\"@id\":\"https:\/\/fermalli.com\/es\/#\/schema\/logo\/image\/\",\"url\":\"https:\/\/fermalli.com\/wp-content\/uploads\/2023\/07\/logo_ne.png\",\"contentUrl\":\"https:\/\/fermalli.com\/wp-content\/uploads\/2023\/07\/logo_ne.png\",\"width\":200,\"height\":109,\"caption\":\"Publicitat Fermalli Maresme\"},\"image\":{\"@id\":\"https:\/\/fermalli.com\/es\/#\/schema\/logo\/image\/\"}}]}<\/script>\n<!-- \/ Yoast SEO plugin. -->","yoast_head_json":{"title":"Qui\u00e9nes somos - Publicitat Fermalli Maresme","robots":{"index":"index","follow":"follow","max-snippet":"max-snippet:-1","max-image-preview":"max-image-preview:large","max-video-preview":"max-video-preview:-1"},"canonical":"https:\/\/fermalli.com\/es\/quienes-somos\/","og_locale":"es_ES","og_type":"article","og_title":"Qui\u00e9nes somos - Publicitat Fermalli Maresme","og_description":"Qui\u00e9nes somos Qui\u00e9nes somos Agencia creativa de publicidad Un experimentado equipo a su servicio Experimentado por la propia trayectoria de la agencia, que tiene sus or\u00edgenes en el a\u00f1o 1939 y dedicados a un trabajo que nos pide estar constantemente al d\u00eda. Trabajamos para conseguir el mejor posicionamiento de las campa\u00f1as de nuestros clientes y [&hellip;]","og_url":"https:\/\/fermalli.com\/es\/quienes-somos\/","og_site_name":"Publicitat Fermalli Maresme","article_modified_time":"2023-07-07T11:38:09+00:00","og_image":[{"url":"https:\/\/fermalli.com\/wp-content\/uploads\/2023\/07\/nosaltres_capcalera.jpg"}],"twitter_card":"summary_large_image","twitter_misc":{"Tiempo de lectura":"2 minutos"},"schema":{"@context":"https:\/\/schema.org","@graph":[{"@type":"WebPage","@id":"https:\/\/fermalli.com\/es\/quienes-somos\/","url":"https:\/\/fermalli.com\/es\/quienes-somos\/","name":"Qui\u00e9nes somos - Publicitat Fermalli Maresme","isPartOf":{"@id":"https:\/\/fermalli.com\/es\/#website"},"datePublished":"2020-04-11T07:31:25+00:00","dateModified":"2023-07-07T11:38:09+00:00","breadcrumb":{"@id":"https:\/\/fermalli.com\/es\/quienes-somos\/#breadcrumb"},"inLanguage":"es","potentialAction":[{"@type":"ReadAction","target":["https:\/\/fermalli.com\/es\/quienes-somos\/"]}]},{"@type":"BreadcrumbList","@id":"https:\/\/fermalli.com\/es\/quienes-somos\/#breadcrumb","itemListElement":[{"@type":"ListItem","position":1,"name":"Portada","item":"https:\/\/fermalli.com\/es\/"},{"@type":"ListItem","position":2,"name":"Qui\u00e9nes somos"}]},{"@type":"WebSite","@id":"https:\/\/fermalli.com\/es\/#website","url":"https:\/\/fermalli.com\/es\/","name":"Publicitat Fermalli Maresme","description":"","publisher":{"@id":"https:\/\/fermalli.com\/es\/#organization"},"potentialAction":[{"@type":"SearchAction","target":{"@type":"EntryPoint","urlTemplate":"https:\/\/fermalli.com\/es\/?s={search_term_string}"},"query-input":"required name=search_term_string"}],"inLanguage":"es"},{"@type":"Organization","@id":"https:\/\/fermalli.com\/es\/#organization","name":"Publicitat Fermalli Maresme","url":"https:\/\/fermalli.com\/es\/","logo":{"@type":"ImageObject","inLanguage":"es","@id":"https:\/\/fermalli.com\/es\/#\/schema\/logo\/image\/","url":"https:\/\/fermalli.com\/wp-content\/uploads\/2023\/07\/logo_ne.png","contentUrl":"https:\/\/fermalli.com\/wp-content\/uploads\/2023\/07\/logo_ne.png","width":200,"height":109,"caption":"Publicitat Fermalli Maresme"},"image":{"@id":"https:\/\/fermalli.com\/es\/#\/schema\/logo\/image\/"}}]}},"_links":{"self":[{"href":"https:\/\/fermalli.com\/es\/wp-json\/wp\/v2\/pages\/6299"}],"collection":[{"href":"https:\/\/fermalli.com\/es\/wp-json\/wp\/v2\/pages"}],"about":[{"href":"https:\/\/fermalli.com\/es\/wp-json\/wp\/v2\/types\/page"}],"author":[{"embeddable":true,"href":"https:\/\/fermalli.com\/es\/wp-json\/wp\/v2\/users\/1"}],"replies":[{"embeddable":true,"href":"https:\/\/fermalli.com\/es\/wp-json\/wp\/v2\/comments?post=6299"}],"version-history":[{"count":13,"href":"https:\/\/fermalli.com\/es\/wp-json\/wp\/v2\/pages\/6299\/revisions"}],"predecessor-version":[{"id":6381,"href":"https:\/\/fermalli.com\/es\/wp-json\/wp\/v2\/pages\/6299\/revisions\/6381"}],"wp:attachment":[{"href":"https:\/\/fermalli.com\/es\/wp-json\/wp\/v2\/media?parent=6299"}],"curies":[{"name":"wp","href":"https:\/\/api.w.org\/{rel}","templated":true}]}}